{"id":737,"date":"2024-08-27T04:07:41","date_gmt":"2024-08-27T04:07:41","guid":{"rendered":"https:\/\/myclinic.com.mx\/aesthetic\/?page_id=737"},"modified":"2024-08-27T04:57:36","modified_gmt":"2024-08-27T04:57:36","slug":"tecnologia-power-shape-2","status":"publish","type":"page","link":"https:\/\/myclinic.com.mx\/aesthetic\/tecnologia-power-shape-2\/","title":{"rendered":"Tecnolog\u00eda Power Shape 2"},"content":{"rendered":"\t\t<div data-elementor-type=\"wp-page\" data-elementor-id=\"737\" class=\"elementor elementor-737\" data-elementor-post-type=\"page\">\n\t\t\t\t\t\t<section class=\"elementor-section elementor-top-section elementor-element elementor-element-7fb0f907 elementor-section-full_width elementor-section-height-default elementor-section-height-default\" data-id=\"7fb0f907\" data-element_type=\"section\" data-settings=\"{&quot;background_background&quot;:&quot;classic&quot;}\">\n\t\t\t\t\t\t<div class=\"elementor-container elementor-column-gap-no\">\n\t\t\t\t\t<div class=\"elementor-column elementor-col-50 elementor-top-column elementor-element elementor-element-173554ba\" data-id=\"173554ba\" data-element_type=\"column\" data-settings=\"{&quot;background_background&quot;:&quot;classic&quot;}\">\n\t\t\t<div class=\"elementor-widget-wrap elementor-element-populated\">\n\t\t\t\t\t<div class=\"elementor-background-overlay\"><\/div>\n\t\t\t\t\t\t<div class=\"elementor-element elementor-element-7a429fc5 elementor-widget elementor-widget-spacer\" data-id=\"7a429fc5\" data-element_type=\"widget\" data-widget_type=\"spacer.default\">\n\t\t\t\t<div class=\"elementor-widget-container\">\n\t\t\t\t\t\t\t<div class=\"elementor-spacer\">\n\t\t\t<div class=\"elementor-spacer-inner\"><\/div>\n\t\t<\/div>\n\t\t\t\t\t\t<\/div>\n\t\t\t\t<\/div>\n\t\t\t\t<section class=\"elementor-section elementor-inner-section elementor-element elementor-element-6bb6fd2a elementor-section-content-bottom elementor-hidden-phone animated-slow elementor-section-boxed elementor-section-height-default elementor-section-height-default elementor-invisible\" data-id=\"6bb6fd2a\" data-element_type=\"section\" data-settings=\"{&quot;animation&quot;:&quot;fadeInLeft&quot;}\">\n\t\t\t\t\t\t<div class=\"elementor-container elementor-column-gap-default\">\n\t\t\t\t\t<div class=\"elementor-column elementor-col-50 elementor-inner-column elementor-element elementor-element-5caa766c\" data-id=\"5caa766c\" data-element_type=\"column\" data-settings=\"{&quot;background_background&quot;:&quot;classic&quot;}\">\n\t\t\t<div class=\"elementor-widget-wrap elementor-element-populated\">\n\t\t\t\t\t\t<div class=\"elementor-element elementor-element-2447ce9a elementor-widget elementor-widget-heading\" data-id=\"2447ce9a\" data-element_type=\"widget\" data-widget_type=\"heading.default\">\n\t\t\t\t<div class=\"elementor-widget-container\">\n\t\t\t\t\t<h3 class=\"elementor-heading-title elementor-size-default\">Reservar una cita<\/h3>\t\t\t\t<\/div>\n\t\t\t\t<\/div>\n\t\t\t\t<div class=\"elementor-element elementor-element-726ab6a7 elementor-widget elementor-widget-text-editor\" data-id=\"726ab6a7\" data-element_type=\"widget\" data-widget_type=\"text-editor.default\">\n\t\t\t\t<div class=\"elementor-widget-container\">\n\t\t\t\t\t\t\t\t\tEnv\u00edanos tus datos para ponernos en contacto.\t\t\t\t\t\t\t\t<\/div>\n\t\t\t\t<\/div>\n\t\t\t\t<div class=\"elementor-element elementor-element-477070e6 elementor-widget elementor-widget-button\" data-id=\"477070e6\" data-element_type=\"widget\" data-widget_type=\"button.default\">\n\t\t\t\t<div class=\"elementor-widget-container\">\n\t\t\t\t\t\t\t\t\t<div class=\"elementor-button-wrapper\">\n\t\t\t\t\t<a class=\"elementor-button elementor-button-link elementor-size-sm elementor-animation-float\" href=\"https:\/\/myclinic.com.mx\/aesthetic\/contacto\">\n\t\t\t\t\t\t<span class=\"elementor-button-content-wrapper\">\n\t\t\t\t\t\t<span class=\"elementor-button-icon\">\n\t\t\t\t<svg aria-hidden=\"true\" class=\"e-font-icon-svg e-fas-arrow-right\" viewBox=\"0 0 448 512\" xmlns=\"http:\/\/www.w3.org\/2000\/svg\"><path d=\"M190.5 66.9l22.2-22.2c9.4-9.4 24.6-9.4 33.9 0L441 239c9.4 9.4 9.4 24.6 0 33.9L246.6 467.3c-9.4 9.4-24.6 9.4-33.9 0l-22.2-22.2c-9.5-9.5-9.3-25 .4-34.3L311.4 296H24c-13.3 0-24-10.7-24-24v-32c0-13.3 10.7-24 24-24h287.4L190.9 101.2c-9.8-9.3-10-24.8-.4-34.3z\"><\/path><\/svg>\t\t\t<\/span>\n\t\t\t\t\t\t\t\t\t<span class=\"elementor-button-text\">Contactar<\/span>\n\t\t\t\t\t<\/span>\n\t\t\t\t\t<\/a>\n\t\t\t\t<\/div>\n\t\t\t\t\t\t\t\t<\/div>\n\t\t\t\t<\/div>\n\t\t\t\t\t<\/div>\n\t\t<\/div>\n\t\t\t\t<div class=\"elementor-column elementor-col-50 elementor-inner-column elementor-element elementor-element-677e6552\" data-id=\"677e6552\" data-element_type=\"column\">\n\t\t\t<div class=\"elementor-widget-wrap\">\n\t\t\t\t\t\t\t<\/div>\n\t\t<\/div>\n\t\t\t\t\t<\/div>\n\t\t<\/section>\n\t\t\t\t\t<\/div>\n\t\t<\/div>\n\t\t\t\t<div class=\"elementor-column elementor-col-50 elementor-top-column elementor-element elementor-element-d7d86f6\" data-id=\"d7d86f6\" data-element_type=\"column\" data-settings=\"{&quot;background_background&quot;:&quot;gradient&quot;}\">\n\t\t\t<div class=\"elementor-widget-wrap elementor-element-populated\">\n\t\t\t\t\t<div class=\"elementor-background-overlay\"><\/div>\n\t\t\t\t\t\t<div class=\"elementor-element elementor-element-2381dc46 animated-slow elementor-invisible elementor-widget elementor-widget-heading\" data-id=\"2381dc46\" data-element_type=\"widget\" data-settings=\"{&quot;_animation&quot;:&quot;fadeInLeft&quot;}\" data-widget_type=\"heading.default\">\n\t\t\t\t<div class=\"elementor-widget-container\">\n\t\t\t\t\t<h5 class=\"elementor-heading-title elementor-size-default\">My Clinic Aesthetic<\/h5>\t\t\t\t<\/div>\n\t\t\t\t<\/div>\n\t\t\t\t<div class=\"elementor-element elementor-element-c31c15d elementor-widget elementor-widget-heading\" data-id=\"c31c15d\" data-element_type=\"widget\" data-widget_type=\"heading.default\">\n\t\t\t\t<div class=\"elementor-widget-container\">\n\t\t\t\t\t<h2 class=\"elementor-heading-title elementor-size-default\">\u00bfQu\u00e9 es Powershape 2?<\/h2>\t\t\t\t<\/div>\n\t\t\t\t<\/div>\n\t\t\t\t<div class=\"elementor-element elementor-element-1a739c34 elementor-widget elementor-widget-text-editor\" data-id=\"1a739c34\" data-element_type=\"widget\" data-widget_type=\"text-editor.default\">\n\t\t\t\t<div class=\"elementor-widget-container\">\n\t\t\t\t\t\t\t\t\t<p>El Powershape 2 es un equipo de alta tecnolog\u00eda que ayuda a mejorar el tono, textura y apariencia de nuestra piel, es un tratamiento no invasivo que reduce el contorno, est\u00e1 dise\u00f1ado para trabajar modelado corporal, reducci\u00f3n de grasa, celulitis y fibrosis, es la combinaci\u00f3n de tres tecnolog\u00edas:<\/p><p>\u2022 Lipol\u00e1ser<br \/>\u2022 Radiofrecuencia multipolar<br \/>\u2022 Rodillo de Inducci\u00f3n al vac\u00edo<\/p><h3><span style=\"color: #ffffff;\">Beneficios del Power Shape:<\/span><\/h3><p>\u2022 Drena<br \/>\u2022 Mejora la circulaci\u00f3n<br \/>\u2022 Reduce el volumen<br \/>\u2022 Aumenta la funci\u00f3n metab\u00f3lica y tonifica<br \/>\u2022 Sin cirug\u00eda<br \/>\u2022 Sin dolor<br \/>\u2022 Sin efectos secundarios<br \/>\u2022 Sin malestar<\/p>\t\t\t\t\t\t\t\t<\/div>\n\t\t\t\t<\/div>\n\t\t\t\t<div class=\"elementor-element elementor-element-2e94f2f5 elementor-align-left elementor-mobile-align-left elementor-widget elementor-widget-button\" data-id=\"2e94f2f5\" data-element_type=\"widget\" data-widget_type=\"button.default\">\n\t\t\t\t<div class=\"elementor-widget-container\">\n\t\t\t\t\t\t\t\t\t<div class=\"elementor-button-wrapper\">\n\t\t\t\t\t<a class=\"elementor-button elementor-button-link elementor-size-sm elementor-animation-float\" href=\"https:\/\/wa.link\/ei8qkz\" target=\"_blank\">\n\t\t\t\t\t\t<span class=\"elementor-button-content-wrapper\">\n\t\t\t\t\t\t<span class=\"elementor-button-icon\">\n\t\t\t\t<i aria-hidden=\"true\" class=\"jki jki-whatsapp-1-light\"><\/i>\t\t\t<\/span>\n\t\t\t\t\t\t\t\t\t<span class=\"elementor-button-text\">SOLICITAR UNA CITA<\/span>\n\t\t\t\t\t<\/span>\n\t\t\t\t\t<\/a>\n\t\t\t\t<\/div>\n\t\t\t\t\t\t\t\t<\/div>\n\t\t\t\t<\/div>\n\t\t\t\t\t<\/div>\n\t\t<\/div>\n\t\t\t\t\t<\/div>\n\t\t<\/section>\n\t\t\t\t<section class=\"elementor-section elementor-top-section elementor-element elementor-element-6ffaa599 elementor-section-content-middle elementor-section-boxed elementor-section-height-default elementor-section-height-default\" data-id=\"6ffaa599\" data-element_type=\"section\">\n\t\t\t\t\t\t\t<div class=\"elementor-background-overlay\"><\/div>\n\t\t\t\t\t\t\t<div class=\"elementor-container elementor-column-gap-default\">\n\t\t\t\t\t<div class=\"elementor-column elementor-col-50 elementor-top-column elementor-element elementor-element-5af48afd elementor-hidden-phone\" data-id=\"5af48afd\" data-element_type=\"column\">\n\t\t\t<div class=\"elementor-widget-wrap elementor-element-populated\">\n\t\t\t\t\t\t<div class=\"elementor-element elementor-element-5d152bc9 elementor-widget elementor-widget-image\" data-id=\"5d152bc9\" data-element_type=\"widget\" data-widget_type=\"image.default\">\n\t\t\t\t<div class=\"elementor-widget-container\">\n\t\t\t\t\t\t\t\t\t\t\t\t\t\t\t<img fetchpriority=\"high\" decoding=\"async\" width=\"1080\" height=\"1080\" src=\"https:\/\/myclinic.com.mx\/aesthetic\/wp-content\/uploads\/2024\/08\/powershape-2-myclinic-aesthetic.webp\" class=\"attachment-full size-full wp-image-747\" alt=\"\" srcset=\"https:\/\/myclinic.com.mx\/aesthetic\/wp-content\/uploads\/2024\/08\/powershape-2-myclinic-aesthetic.webp 1080w, https:\/\/myclinic.com.mx\/aesthetic\/wp-content\/uploads\/2024\/08\/powershape-2-myclinic-aesthetic-300x300.webp 300w, https:\/\/myclinic.com.mx\/aesthetic\/wp-content\/uploads\/2024\/08\/powershape-2-myclinic-aesthetic-1024x1024.webp 1024w, https:\/\/myclinic.com.mx\/aesthetic\/wp-content\/uploads\/2024\/08\/powershape-2-myclinic-aesthetic-150x150.webp 150w, https:\/\/myclinic.com.mx\/aesthetic\/wp-content\/uploads\/2024\/08\/powershape-2-myclinic-aesthetic-768x768.webp 768w\" sizes=\"(max-width: 1080px) 100vw, 1080px\" \/>\t\t\t\t\t\t\t\t\t\t\t\t\t\t\t<\/div>\n\t\t\t\t<\/div>\n\t\t\t\t\t<\/div>\n\t\t<\/div>\n\t\t\t\t<div class=\"elementor-column elementor-col-50 elementor-top-column elementor-element elementor-element-befeb45\" data-id=\"befeb45\" data-element_type=\"column\">\n\t\t\t<div class=\"elementor-widget-wrap elementor-element-populated\">\n\t\t\t\t\t\t<div class=\"elementor-element elementor-element-d2ea45d elementor-widget elementor-widget-heading\" data-id=\"d2ea45d\" data-element_type=\"widget\" data-widget_type=\"heading.default\">\n\t\t\t\t<div class=\"elementor-widget-container\">\n\t\t\t\t\t<h2 class=\"elementor-heading-title elementor-size-default\">Usos del Power Shape:<\/h2>\t\t\t\t<\/div>\n\t\t\t\t<\/div>\n\t\t\t\t<div class=\"elementor-element elementor-element-1c2fb4d4 elementor-widget elementor-widget-text-editor\" data-id=\"1c2fb4d4\" data-element_type=\"widget\" data-widget_type=\"text-editor.default\">\n\t\t\t\t<div class=\"elementor-widget-container\">\n\t\t\t\t\t\t\t\t\t<p>\u2022 Lifting facial<br \/>\u2022 Eliminaci\u00f3n de arrugas finas<br \/>\u2022 Creaci\u00f3n de col\u00e1geno<br \/>\u2022 Tensi\u00f3n cut\u00e1nea<br \/>\u2022 Post operatorio<br \/>\u2022 Drenaje linf\u00e1tico<\/p><p>\u2022 Reducci\u00f3n de contorno corporal<br \/>\u2022 Post parto<br \/>\u2022 Tratamiento anticelulitis<br \/>\u2022 Tratamiento para la flacidez<br \/>\u2022 Eliminaci\u00f3n de grasa localizada<br \/>\u2022 Piernas cansadas<\/p>\t\t\t\t\t\t\t\t<\/div>\n\t\t\t\t<\/div>\n\t\t\t\t<div class=\"elementor-element elementor-element-6d7c69f7 elementor-widget elementor-widget-button\" data-id=\"6d7c69f7\" data-element_type=\"widget\" data-widget_type=\"button.default\">\n\t\t\t\t<div class=\"elementor-widget-container\">\n\t\t\t\t\t\t\t\t\t<div class=\"elementor-button-wrapper\">\n\t\t\t\t\t<a class=\"elementor-button elementor-button-link elementor-size-sm\" href=\"https:\/\/myclinic.com.mx\/aesthetic\/contacto\">\n\t\t\t\t\t\t<span class=\"elementor-button-content-wrapper\">\n\t\t\t\t\t\t<span class=\"elementor-button-icon\">\n\t\t\t\t<i aria-hidden=\"true\" class=\"jki jki-envelope-light\"><\/i>\t\t\t<\/span>\n\t\t\t\t\t\t\t\t\t<span class=\"elementor-button-text\">CONTACTAR<\/span>\n\t\t\t\t\t<\/span>\n\t\t\t\t\t<\/a>\n\t\t\t\t<\/div>\n\t\t\t\t\t\t\t\t<\/div>\n\t\t\t\t<\/div>\n\t\t\t\t\t<\/div>\n\t\t<\/div>\n\t\t\t\t\t<\/div>\n\t\t<\/section>\n\t\t\t\t<\/div>\n\t\t","protected":false},"excerpt":{"rendered":"<p>Reservar una cita Env\u00edanos tus datos para ponernos en contacto. Contactar My Clinic Aesthetic \u00bfQu\u00e9 es Powershape 2? El Powershape 2 es un equipo de alta tecnolog\u00eda que ayuda a mejorar el tono, textura y apariencia de nuestra piel, es un tratamiento no invasivo que reduce el contorno, est\u00e1 dise\u00f1ado para trabajar modelado corporal, reducci\u00f3n [&hellip;]<\/p>\n","protected":false},"author":1,"featured_media":0,"parent":0,"menu_order":0,"comment_status":"closed","ping_status":"closed","template":"elementor_header_footer","meta":{"footnotes":""},"class_list":["post-737","page","type-page","status-publish","hentry"],"_links":{"self":[{"href":"https:\/\/myclinic.com.mx\/aesthetic\/wp-json\/wp\/v2\/pages\/737","targetHints":{"allow":["GET"]}}],"collection":[{"href":"https:\/\/myclinic.com.mx\/aesthetic\/wp-json\/wp\/v2\/pages"}],"about":[{"href":"https:\/\/myclinic.com.mx\/aesthetic\/wp-json\/wp\/v2\/types\/page"}],"author":[{"embeddable":true,"href":"https:\/\/myclinic.com.mx\/aesthetic\/wp-json\/wp\/v2\/users\/1"}],"replies":[{"embeddable":true,"href":"https:\/\/myclinic.com.mx\/aesthetic\/wp-json\/wp\/v2\/comments?post=737"}],"version-history":[{"count":10,"href":"https:\/\/myclinic.com.mx\/aesthetic\/wp-json\/wp\/v2\/pages\/737\/revisions"}],"predecessor-version":[{"id":750,"href":"https:\/\/myclinic.com.mx\/aesthetic\/wp-json\/wp\/v2\/pages\/737\/revisions\/750"}],"wp:attachment":[{"href":"https:\/\/myclinic.com.mx\/aesthetic\/wp-json\/wp\/v2\/media?parent=737"}],"curies":[{"name":"wp","href":"https:\/\/api.w.org\/{rel}","templated":true}]}}