{"id":718,"date":"2024-08-27T03:39:08","date_gmt":"2024-08-27T03:39:08","guid":{"rendered":"https:\/\/myclinic.com.mx\/aesthetic\/?page_id=718"},"modified":"2024-08-27T04:04:13","modified_gmt":"2024-08-27T04:04:13","slug":"tecnologia-laser-nd-yag","status":"publish","type":"page","link":"https:\/\/myclinic.com.mx\/aesthetic\/tecnologia-laser-nd-yag\/","title":{"rendered":"Tecnolog\u00eda l\u00e1ser Nd-YAG"},"content":{"rendered":"\t\t<div data-elementor-type=\"wp-page\" data-elementor-id=\"718\" class=\"elementor elementor-718\" data-elementor-post-type=\"page\">\n\t\t\t\t\t\t<section class=\"elementor-section elementor-top-section elementor-element elementor-element-23082734 elementor-section-full_width elementor-section-height-default elementor-section-height-default\" data-id=\"23082734\" data-element_type=\"section\" data-settings=\"{&quot;background_background&quot;:&quot;classic&quot;}\">\n\t\t\t\t\t\t<div class=\"elementor-container elementor-column-gap-no\">\n\t\t\t\t\t<div class=\"elementor-column elementor-col-50 elementor-top-column elementor-element elementor-element-69328895\" data-id=\"69328895\" data-element_type=\"column\" data-settings=\"{&quot;background_background&quot;:&quot;classic&quot;}\">\n\t\t\t<div class=\"elementor-widget-wrap elementor-element-populated\">\n\t\t\t\t\t<div class=\"elementor-background-overlay\"><\/div>\n\t\t\t\t\t\t<div class=\"elementor-element elementor-element-2b3f076c elementor-widget elementor-widget-spacer\" data-id=\"2b3f076c\" data-element_type=\"widget\" data-widget_type=\"spacer.default\">\n\t\t\t\t<div class=\"elementor-widget-container\">\n\t\t\t\t\t\t\t<div class=\"elementor-spacer\">\n\t\t\t<div class=\"elementor-spacer-inner\"><\/div>\n\t\t<\/div>\n\t\t\t\t\t\t<\/div>\n\t\t\t\t<\/div>\n\t\t\t\t<section class=\"elementor-section elementor-inner-section elementor-element elementor-element-37ea3bfd elementor-section-content-bottom elementor-hidden-phone animated-slow elementor-section-boxed elementor-section-height-default elementor-section-height-default elementor-invisible\" data-id=\"37ea3bfd\" data-element_type=\"section\" data-settings=\"{&quot;animation&quot;:&quot;fadeInLeft&quot;}\">\n\t\t\t\t\t\t<div class=\"elementor-container elementor-column-gap-default\">\n\t\t\t\t\t<div class=\"elementor-column elementor-col-50 elementor-inner-column elementor-element elementor-element-33fb107e\" data-id=\"33fb107e\" data-element_type=\"column\" data-settings=\"{&quot;background_background&quot;:&quot;classic&quot;}\">\n\t\t\t<div class=\"elementor-widget-wrap elementor-element-populated\">\n\t\t\t\t\t\t<div class=\"elementor-element elementor-element-27984150 elementor-widget elementor-widget-heading\" data-id=\"27984150\" data-element_type=\"widget\" data-widget_type=\"heading.default\">\n\t\t\t\t<div class=\"elementor-widget-container\">\n\t\t\t\t\t<h3 class=\"elementor-heading-title elementor-size-default\">Reservar una cita<\/h3>\t\t\t\t<\/div>\n\t\t\t\t<\/div>\n\t\t\t\t<div class=\"elementor-element elementor-element-1a52e1c8 elementor-widget elementor-widget-text-editor\" data-id=\"1a52e1c8\" data-element_type=\"widget\" data-widget_type=\"text-editor.default\">\n\t\t\t\t<div class=\"elementor-widget-container\">\n\t\t\t\t\t\t\t\t\tEnv\u00edanos tus datos para ponernos en contacto.\t\t\t\t\t\t\t\t<\/div>\n\t\t\t\t<\/div>\n\t\t\t\t<div class=\"elementor-element elementor-element-539bda4e elementor-widget elementor-widget-button\" data-id=\"539bda4e\" data-element_type=\"widget\" data-widget_type=\"button.default\">\n\t\t\t\t<div class=\"elementor-widget-container\">\n\t\t\t\t\t\t\t\t\t<div class=\"elementor-button-wrapper\">\n\t\t\t\t\t<a class=\"elementor-button elementor-button-link elementor-size-sm elementor-animation-float\" href=\"https:\/\/myclinic.com.mx\/aesthetic\/contacto\">\n\t\t\t\t\t\t<span class=\"elementor-button-content-wrapper\">\n\t\t\t\t\t\t<span class=\"elementor-button-icon\">\n\t\t\t\t<svg aria-hidden=\"true\" class=\"e-font-icon-svg e-fas-arrow-right\" viewBox=\"0 0 448 512\" xmlns=\"http:\/\/www.w3.org\/2000\/svg\"><path d=\"M190.5 66.9l22.2-22.2c9.4-9.4 24.6-9.4 33.9 0L441 239c9.4 9.4 9.4 24.6 0 33.9L246.6 467.3c-9.4 9.4-24.6 9.4-33.9 0l-22.2-22.2c-9.5-9.5-9.3-25 .4-34.3L311.4 296H24c-13.3 0-24-10.7-24-24v-32c0-13.3 10.7-24 24-24h287.4L190.9 101.2c-9.8-9.3-10-24.8-.4-34.3z\"><\/path><\/svg>\t\t\t<\/span>\n\t\t\t\t\t\t\t\t\t<span class=\"elementor-button-text\">Contactar<\/span>\n\t\t\t\t\t<\/span>\n\t\t\t\t\t<\/a>\n\t\t\t\t<\/div>\n\t\t\t\t\t\t\t\t<\/div>\n\t\t\t\t<\/div>\n\t\t\t\t\t<\/div>\n\t\t<\/div>\n\t\t\t\t<div class=\"elementor-column elementor-col-50 elementor-inner-column elementor-element elementor-element-69c5fb6c\" data-id=\"69c5fb6c\" data-element_type=\"column\">\n\t\t\t<div class=\"elementor-widget-wrap\">\n\t\t\t\t\t\t\t<\/div>\n\t\t<\/div>\n\t\t\t\t\t<\/div>\n\t\t<\/section>\n\t\t\t\t\t<\/div>\n\t\t<\/div>\n\t\t\t\t<div class=\"elementor-column elementor-col-50 elementor-top-column elementor-element elementor-element-43f0fe7d\" data-id=\"43f0fe7d\" data-element_type=\"column\" data-settings=\"{&quot;background_background&quot;:&quot;gradient&quot;}\">\n\t\t\t<div class=\"elementor-widget-wrap elementor-element-populated\">\n\t\t\t\t\t<div class=\"elementor-background-overlay\"><\/div>\n\t\t\t\t\t\t<div class=\"elementor-element elementor-element-49424d21 animated-slow elementor-invisible elementor-widget elementor-widget-heading\" data-id=\"49424d21\" data-element_type=\"widget\" data-settings=\"{&quot;_animation&quot;:&quot;fadeInLeft&quot;}\" data-widget_type=\"heading.default\">\n\t\t\t\t<div class=\"elementor-widget-container\">\n\t\t\t\t\t<h5 class=\"elementor-heading-title elementor-size-default\">My Clinic Aesthetic<\/h5>\t\t\t\t<\/div>\n\t\t\t\t<\/div>\n\t\t\t\t<div class=\"elementor-element elementor-element-4fe85b38 elementor-widget elementor-widget-heading\" data-id=\"4fe85b38\" data-element_type=\"widget\" data-widget_type=\"heading.default\">\n\t\t\t\t<div class=\"elementor-widget-container\">\n\t\t\t\t\t<h2 class=\"elementor-heading-title elementor-size-default\">Las aplicaciones est\u00e9ticas del l\u00e1ser Nd-YAG<\/h2>\t\t\t\t<\/div>\n\t\t\t\t<\/div>\n\t\t\t\t<div class=\"elementor-element elementor-element-5ddaf685 elementor-widget elementor-widget-text-editor\" data-id=\"5ddaf685\" data-element_type=\"widget\" data-widget_type=\"text-editor.default\">\n\t\t\t\t<div class=\"elementor-widget-container\">\n\t\t\t\t\t\t\t\t\t<p>Dentro de la amplia y diversa aparatolog\u00eda que se emplea en My Clinic Aesthetic el l\u00e1ser conocido como Nd-YAG destaca por sus m\u00faltiples y poderosas funcionalidades.<\/p><p>Tanto es as\u00ed, que esta tecnolog\u00eda se emplea tambi\u00e9n en otros campos m\u00e1s all\u00e1 de nuestro \u00e1mbito de actividad, incluyendo oftalmolog\u00eda y odontolog\u00eda.<\/p><h3><span style=\"color: #ffffff;\">\u00bfPero cu\u00e1les son las caracter\u00edsticas que lo hacen tan popular y los beneficios que ofrece al paciente est\u00e9tico?<\/span><\/h3><p>Tras este nombre no se encuentra ninguna marca comercial, sino que se trata de la abreviatura en ingl\u00e9s de la denominaci\u00f3n t\u00e9cnica de su medio activo: el granate de aluminio-itrio (YAG) dopado con neodimio (Nd).<\/p>\t\t\t\t\t\t\t\t<\/div>\n\t\t\t\t<\/div>\n\t\t\t\t<div class=\"elementor-element elementor-element-11e53ea0 elementor-align-left elementor-mobile-align-left elementor-widget elementor-widget-button\" data-id=\"11e53ea0\" data-element_type=\"widget\" data-widget_type=\"button.default\">\n\t\t\t\t<div class=\"elementor-widget-container\">\n\t\t\t\t\t\t\t\t\t<div class=\"elementor-button-wrapper\">\n\t\t\t\t\t<a class=\"elementor-button elementor-button-link elementor-size-sm elementor-animation-float\" href=\"https:\/\/wa.link\/ei8qkz\" target=\"_blank\">\n\t\t\t\t\t\t<span class=\"elementor-button-content-wrapper\">\n\t\t\t\t\t\t<span class=\"elementor-button-icon\">\n\t\t\t\t<i aria-hidden=\"true\" class=\"jki jki-whatsapp-1-light\"><\/i>\t\t\t<\/span>\n\t\t\t\t\t\t\t\t\t<span class=\"elementor-button-text\">SOLICITAR UNA CITA<\/span>\n\t\t\t\t\t<\/span>\n\t\t\t\t\t<\/a>\n\t\t\t\t<\/div>\n\t\t\t\t\t\t\t\t<\/div>\n\t\t\t\t<\/div>\n\t\t\t\t\t<\/div>\n\t\t<\/div>\n\t\t\t\t\t<\/div>\n\t\t<\/section>\n\t\t\t\t<section class=\"elementor-section elementor-top-section elementor-element elementor-element-3e8b593c elementor-section-content-middle elementor-section-boxed elementor-section-height-default elementor-section-height-default\" data-id=\"3e8b593c\" data-element_type=\"section\">\n\t\t\t\t\t\t\t<div class=\"elementor-background-overlay\"><\/div>\n\t\t\t\t\t\t\t<div class=\"elementor-container elementor-column-gap-default\">\n\t\t\t\t\t<div class=\"elementor-column elementor-col-50 elementor-top-column elementor-element elementor-element-6d6128c6 elementor-hidden-phone\" data-id=\"6d6128c6\" data-element_type=\"column\">\n\t\t\t<div class=\"elementor-widget-wrap elementor-element-populated\">\n\t\t\t\t\t\t<div class=\"elementor-element elementor-element-578fb054 elementor-widget elementor-widget-image\" data-id=\"578fb054\" data-element_type=\"widget\" data-widget_type=\"image.default\">\n\t\t\t\t<div class=\"elementor-widget-container\">\n\t\t\t\t\t\t\t\t\t\t\t\t\t\t\t<img fetchpriority=\"high\" decoding=\"async\" width=\"1080\" height=\"1080\" src=\"https:\/\/myclinic.com.mx\/aesthetic\/wp-content\/uploads\/2024\/08\/laser-nd-yag.webp\" class=\"attachment-full size-full wp-image-731\" alt=\"\" srcset=\"https:\/\/myclinic.com.mx\/aesthetic\/wp-content\/uploads\/2024\/08\/laser-nd-yag.webp 1080w, https:\/\/myclinic.com.mx\/aesthetic\/wp-content\/uploads\/2024\/08\/laser-nd-yag-300x300.webp 300w, https:\/\/myclinic.com.mx\/aesthetic\/wp-content\/uploads\/2024\/08\/laser-nd-yag-1024x1024.webp 1024w, https:\/\/myclinic.com.mx\/aesthetic\/wp-content\/uploads\/2024\/08\/laser-nd-yag-150x150.webp 150w, https:\/\/myclinic.com.mx\/aesthetic\/wp-content\/uploads\/2024\/08\/laser-nd-yag-768x768.webp 768w\" sizes=\"(max-width: 1080px) 100vw, 1080px\" \/>\t\t\t\t\t\t\t\t\t\t\t\t\t\t\t<\/div>\n\t\t\t\t<\/div>\n\t\t\t\t\t<\/div>\n\t\t<\/div>\n\t\t\t\t<div class=\"elementor-column elementor-col-50 elementor-top-column elementor-element elementor-element-14ce898a\" data-id=\"14ce898a\" data-element_type=\"column\">\n\t\t\t<div class=\"elementor-widget-wrap elementor-element-populated\">\n\t\t\t\t\t\t<div class=\"elementor-element elementor-element-1158f95a elementor-widget elementor-widget-text-editor\" data-id=\"1158f95a\" data-element_type=\"widget\" data-widget_type=\"text-editor.default\">\n\t\t\t\t<div class=\"elementor-widget-container\">\n\t\t\t\t\t\t\t\t\t<h3>Las posibilidades que permite este l\u00e1ser de longitud de onda infrarroja incluyen:<\/h3><p>\u2013 <strong>Eliminaci\u00f3n de tatuajes:<\/strong> el Nd-YAG act\u00faa con eficacia sobre la tinta de los tatuajes, en especial los de color negro u oscuro, pero puede aplicarse igualmente sobre otras tonalidades mediante el empleo de colorantes. De la misma manera, puede recurrirse a este l\u00e1ser si se desea retirar pigmentaciones como las del conocido como maquillaje permanente.<\/p><p>\u2013 <strong>Tratamiento de manchas en la piel y varices:<\/strong> tambi\u00e9n cuando se trata de lesiones pigmentadas naturales podemos beneficiarnos del efecto de este l\u00e1ser; adem\u00e1s, su capacidad para ser absorbido por la hemoglobina permite trabajar de forma efectiva sobre las lesiones vasculares m\u00e1s superficiales.<\/p><p>\u2013 <strong>Rejuvenecimiento facial:<\/strong> la posibilidad de aplicar el Nd-YAG mediante pulsos muy breves y concentrados ha dado lugar a su empleo en tratamientos de fotorrejuvenecimiento, que se presentan como una opci\u00f3n no ablativa para reducir arrugas finas, porosidad, enrojecimiento facial y distintos tipos de cicatrices, incluidas las asociadas al acn\u00e9<\/p>\t\t\t\t\t\t\t\t<\/div>\n\t\t\t\t<\/div>\n\t\t\t\t<div class=\"elementor-element elementor-element-7c2c0d49 elementor-widget elementor-widget-button\" data-id=\"7c2c0d49\" data-element_type=\"widget\" data-widget_type=\"button.default\">\n\t\t\t\t<div class=\"elementor-widget-container\">\n\t\t\t\t\t\t\t\t\t<div class=\"elementor-button-wrapper\">\n\t\t\t\t\t<a class=\"elementor-button elementor-button-link elementor-size-sm\" href=\"https:\/\/myclinic.com.mx\/aesthetic\/contacto\">\n\t\t\t\t\t\t<span class=\"elementor-button-content-wrapper\">\n\t\t\t\t\t\t<span class=\"elementor-button-icon\">\n\t\t\t\t<i aria-hidden=\"true\" class=\"jki jki-envelope-light\"><\/i>\t\t\t<\/span>\n\t\t\t\t\t\t\t\t\t<span class=\"elementor-button-text\">CONTACTAR<\/span>\n\t\t\t\t\t<\/span>\n\t\t\t\t\t<\/a>\n\t\t\t\t<\/div>\n\t\t\t\t\t\t\t\t<\/div>\n\t\t\t\t<\/div>\n\t\t\t\t\t<\/div>\n\t\t<\/div>\n\t\t\t\t\t<\/div>\n\t\t<\/section>\n\t\t\t\t<\/div>\n\t\t","protected":false},"excerpt":{"rendered":"<p>Reservar una cita Env\u00edanos tus datos para ponernos en contacto. Contactar My Clinic Aesthetic Las aplicaciones est\u00e9ticas del l\u00e1ser Nd-YAG Dentro de la amplia y diversa aparatolog\u00eda que se emplea en My Clinic Aesthetic el l\u00e1ser conocido como Nd-YAG destaca por sus m\u00faltiples y poderosas funcionalidades. Tanto es as\u00ed, que esta tecnolog\u00eda se emplea tambi\u00e9n [&hellip;]<\/p>\n","protected":false},"author":1,"featured_media":0,"parent":0,"menu_order":0,"comment_status":"closed","ping_status":"closed","template":"elementor_header_footer","meta":{"footnotes":""},"class_list":["post-718","page","type-page","status-publish","hentry"],"_links":{"self":[{"href":"https:\/\/myclinic.com.mx\/aesthetic\/wp-json\/wp\/v2\/pages\/718","targetHints":{"allow":["GET"]}}],"collection":[{"href":"https:\/\/myclinic.com.mx\/aesthetic\/wp-json\/wp\/v2\/pages"}],"about":[{"href":"https:\/\/myclinic.com.mx\/aesthetic\/wp-json\/wp\/v2\/types\/page"}],"author":[{"embeddable":true,"href":"https:\/\/myclinic.com.mx\/aesthetic\/wp-json\/wp\/v2\/users\/1"}],"replies":[{"embeddable":true,"href":"https:\/\/myclinic.com.mx\/aesthetic\/wp-json\/wp\/v2\/comments?post=718"}],"version-history":[{"count":13,"href":"https:\/\/myclinic.com.mx\/aesthetic\/wp-json\/wp\/v2\/pages\/718\/revisions"}],"predecessor-version":[{"id":734,"href":"https:\/\/myclinic.com.mx\/aesthetic\/wp-json\/wp\/v2\/pages\/718\/revisions\/734"}],"wp:attachment":[{"href":"https:\/\/myclinic.com.mx\/aesthetic\/wp-json\/wp\/v2\/media?parent=718"}],"curies":[{"name":"wp","href":"https:\/\/api.w.org\/{rel}","templated":true}]}}