{"id":677,"date":"2024-08-27T02:30:04","date_gmt":"2024-08-27T02:30:04","guid":{"rendered":"https:\/\/myclinic.com.mx\/aesthetic\/?page_id=677"},"modified":"2024-08-27T03:30:22","modified_gmt":"2024-08-27T03:30:22","slug":"tecnologia-hydrafacial","status":"publish","type":"page","link":"https:\/\/myclinic.com.mx\/aesthetic\/tecnologia-hydrafacial\/","title":{"rendered":"Tecnolog\u00eda Hydrafacial"},"content":{"rendered":"\t\t<div data-elementor-type=\"wp-page\" data-elementor-id=\"677\" class=\"elementor elementor-677\" data-elementor-post-type=\"page\">\n\t\t\t\t\t\t<section class=\"elementor-section elementor-top-section elementor-element elementor-element-6c496f51 elementor-section-full_width elementor-section-height-default elementor-section-height-default\" data-id=\"6c496f51\" data-element_type=\"section\" data-settings=\"{&quot;background_background&quot;:&quot;classic&quot;}\">\n\t\t\t\t\t\t<div class=\"elementor-container elementor-column-gap-no\">\n\t\t\t\t\t<div class=\"elementor-column elementor-col-50 elementor-top-column elementor-element elementor-element-1dbc5b3e\" data-id=\"1dbc5b3e\" data-element_type=\"column\" data-settings=\"{&quot;background_background&quot;:&quot;classic&quot;}\">\n\t\t\t<div class=\"elementor-widget-wrap elementor-element-populated\">\n\t\t\t\t\t<div class=\"elementor-background-overlay\"><\/div>\n\t\t\t\t\t\t<div class=\"elementor-element elementor-element-10b976fa elementor-widget elementor-widget-spacer\" data-id=\"10b976fa\" data-element_type=\"widget\" data-widget_type=\"spacer.default\">\n\t\t\t\t<div class=\"elementor-widget-container\">\n\t\t\t\t\t\t\t<div class=\"elementor-spacer\">\n\t\t\t<div class=\"elementor-spacer-inner\"><\/div>\n\t\t<\/div>\n\t\t\t\t\t\t<\/div>\n\t\t\t\t<\/div>\n\t\t\t\t<section class=\"elementor-section elementor-inner-section elementor-element elementor-element-64660dbb elementor-section-content-bottom elementor-hidden-phone animated-slow elementor-section-boxed elementor-section-height-default elementor-section-height-default elementor-invisible\" data-id=\"64660dbb\" data-element_type=\"section\" data-settings=\"{&quot;animation&quot;:&quot;fadeInLeft&quot;}\">\n\t\t\t\t\t\t<div class=\"elementor-container elementor-column-gap-default\">\n\t\t\t\t\t<div class=\"elementor-column elementor-col-50 elementor-inner-column elementor-element elementor-element-4d69e856\" data-id=\"4d69e856\" data-element_type=\"column\" data-settings=\"{&quot;background_background&quot;:&quot;classic&quot;}\">\n\t\t\t<div class=\"elementor-widget-wrap elementor-element-populated\">\n\t\t\t\t\t\t<div class=\"elementor-element elementor-element-f6b935d elementor-widget elementor-widget-heading\" data-id=\"f6b935d\" data-element_type=\"widget\" data-widget_type=\"heading.default\">\n\t\t\t\t<div class=\"elementor-widget-container\">\n\t\t\t\t\t<h3 class=\"elementor-heading-title elementor-size-default\">Reservar una cita<\/h3>\t\t\t\t<\/div>\n\t\t\t\t<\/div>\n\t\t\t\t<div class=\"elementor-element elementor-element-2730a084 elementor-widget elementor-widget-text-editor\" data-id=\"2730a084\" data-element_type=\"widget\" data-widget_type=\"text-editor.default\">\n\t\t\t\t<div class=\"elementor-widget-container\">\n\t\t\t\t\t\t\t\t\tEnv\u00edanos tus datos para ponernos en contacto.\t\t\t\t\t\t\t\t<\/div>\n\t\t\t\t<\/div>\n\t\t\t\t<div class=\"elementor-element elementor-element-7b458a74 elementor-widget elementor-widget-button\" data-id=\"7b458a74\" data-element_type=\"widget\" data-widget_type=\"button.default\">\n\t\t\t\t<div class=\"elementor-widget-container\">\n\t\t\t\t\t\t\t\t\t<div class=\"elementor-button-wrapper\">\n\t\t\t\t\t<a class=\"elementor-button elementor-button-link elementor-size-sm elementor-animation-float\" href=\"https:\/\/myclinic.com.mx\/aesthetic\/contacto\">\n\t\t\t\t\t\t<span class=\"elementor-button-content-wrapper\">\n\t\t\t\t\t\t<span class=\"elementor-button-icon\">\n\t\t\t\t<svg aria-hidden=\"true\" class=\"e-font-icon-svg e-fas-arrow-right\" viewBox=\"0 0 448 512\" xmlns=\"http:\/\/www.w3.org\/2000\/svg\"><path d=\"M190.5 66.9l22.2-22.2c9.4-9.4 24.6-9.4 33.9 0L441 239c9.4 9.4 9.4 24.6 0 33.9L246.6 467.3c-9.4 9.4-24.6 9.4-33.9 0l-22.2-22.2c-9.5-9.5-9.3-25 .4-34.3L311.4 296H24c-13.3 0-24-10.7-24-24v-32c0-13.3 10.7-24 24-24h287.4L190.9 101.2c-9.8-9.3-10-24.8-.4-34.3z\"><\/path><\/svg>\t\t\t<\/span>\n\t\t\t\t\t\t\t\t\t<span class=\"elementor-button-text\">Contactar<\/span>\n\t\t\t\t\t<\/span>\n\t\t\t\t\t<\/a>\n\t\t\t\t<\/div>\n\t\t\t\t\t\t\t\t<\/div>\n\t\t\t\t<\/div>\n\t\t\t\t\t<\/div>\n\t\t<\/div>\n\t\t\t\t<div class=\"elementor-column elementor-col-50 elementor-inner-column elementor-element elementor-element-7dbc402c\" data-id=\"7dbc402c\" data-element_type=\"column\">\n\t\t\t<div class=\"elementor-widget-wrap\">\n\t\t\t\t\t\t\t<\/div>\n\t\t<\/div>\n\t\t\t\t\t<\/div>\n\t\t<\/section>\n\t\t\t\t\t<\/div>\n\t\t<\/div>\n\t\t\t\t<div class=\"elementor-column elementor-col-50 elementor-top-column elementor-element elementor-element-314e3034\" data-id=\"314e3034\" data-element_type=\"column\" data-settings=\"{&quot;background_background&quot;:&quot;gradient&quot;}\">\n\t\t\t<div class=\"elementor-widget-wrap elementor-element-populated\">\n\t\t\t\t\t<div class=\"elementor-background-overlay\"><\/div>\n\t\t\t\t\t\t<div class=\"elementor-element elementor-element-29a12034 animated-slow elementor-invisible elementor-widget elementor-widget-heading\" data-id=\"29a12034\" data-element_type=\"widget\" data-settings=\"{&quot;_animation&quot;:&quot;fadeInLeft&quot;}\" data-widget_type=\"heading.default\">\n\t\t\t\t<div class=\"elementor-widget-container\">\n\t\t\t\t\t<h5 class=\"elementor-heading-title elementor-size-default\">My Clinic Aesthetic<\/h5>\t\t\t\t<\/div>\n\t\t\t\t<\/div>\n\t\t\t\t<div class=\"elementor-element elementor-element-49dda3c5 elementor-widget elementor-widget-heading\" data-id=\"49dda3c5\" data-element_type=\"widget\" data-widget_type=\"heading.default\">\n\t\t\t\t<div class=\"elementor-widget-container\">\n\t\t\t\t\t<h2 class=\"elementor-heading-title elementor-size-default\">Hydrafacial \u2013 La mejor piel de tu vida<\/h2>\t\t\t\t<\/div>\n\t\t\t\t<\/div>\n\t\t\t\t<div class=\"elementor-element elementor-element-2e463a8 elementor-widget elementor-widget-text-editor\" data-id=\"2e463a8\" data-element_type=\"widget\" data-widget_type=\"text-editor.default\">\n\t\t\t\t<div class=\"elementor-widget-container\">\n\t\t\t\t\t\t\t\t\t<p>Hydrafacial es un tratamiento m\u00e9dico no invasivo de rejuvenecimiento facial dise\u00f1ado para obtener resultados a largo plazo y conseguir una piel saludable.<\/p><p>Adem\u00e1s, nos ofrece la personalizaci\u00f3n seg\u00fan tipo de piel con el fin de satisfacer las necesidades del paciente.<\/p><p>Ofrece resultados inmediatos, sin tiempo de inactividad ni irritaci\u00f3n.<\/p><p>El tratamiento Hydrafacial exfolia la piel y extrae las impurezas al mismo tiempo que aplica activos hidratantes.<\/p><p>El tratamiento es calmante, refrescante, no irrita la piel y con resultados inmediatos<\/p><p>El procedimiento se articula principalmente en 3 pasos:<\/p><p><strong>Limpia:<\/strong> Limpia en profundidad y exfolia con un peeling suave.<\/p><p><strong>Extrae:<\/strong> Elimina las impurezas de los poros con una succi\u00f3n suave e indolora.<\/p><p><strong>Hidrata:<\/strong> Nutre la piel de forma intensiva con ingredientes nutritivos y personalizados.<\/p>\t\t\t\t\t\t\t\t<\/div>\n\t\t\t\t<\/div>\n\t\t\t\t<div class=\"elementor-element elementor-element-34193c4d elementor-align-left elementor-mobile-align-left elementor-widget elementor-widget-button\" data-id=\"34193c4d\" data-element_type=\"widget\" data-widget_type=\"button.default\">\n\t\t\t\t<div class=\"elementor-widget-container\">\n\t\t\t\t\t\t\t\t\t<div class=\"elementor-button-wrapper\">\n\t\t\t\t\t<a class=\"elementor-button elementor-button-link elementor-size-sm elementor-animation-float\" href=\"https:\/\/wa.link\/ei8qkz\" target=\"_blank\">\n\t\t\t\t\t\t<span class=\"elementor-button-content-wrapper\">\n\t\t\t\t\t\t<span class=\"elementor-button-icon\">\n\t\t\t\t<i aria-hidden=\"true\" class=\"jki jki-whatsapp-1-light\"><\/i>\t\t\t<\/span>\n\t\t\t\t\t\t\t\t\t<span class=\"elementor-button-text\">SOLICITAR UNA CITA<\/span>\n\t\t\t\t\t<\/span>\n\t\t\t\t\t<\/a>\n\t\t\t\t<\/div>\n\t\t\t\t\t\t\t\t<\/div>\n\t\t\t\t<\/div>\n\t\t\t\t\t<\/div>\n\t\t<\/div>\n\t\t\t\t\t<\/div>\n\t\t<\/section>\n\t\t\t\t<section class=\"elementor-section elementor-top-section elementor-element elementor-element-642d63b5 elementor-section-content-middle elementor-section-boxed elementor-section-height-default elementor-section-height-default\" data-id=\"642d63b5\" data-element_type=\"section\">\n\t\t\t\t\t\t\t<div class=\"elementor-background-overlay\"><\/div>\n\t\t\t\t\t\t\t<div class=\"elementor-container elementor-column-gap-default\">\n\t\t\t\t\t<div class=\"elementor-column elementor-col-50 elementor-top-column elementor-element elementor-element-1cb4991e elementor-hidden-phone\" data-id=\"1cb4991e\" data-element_type=\"column\">\n\t\t\t<div class=\"elementor-widget-wrap elementor-element-populated\">\n\t\t\t\t\t\t<div class=\"elementor-element elementor-element-35d3dd23 elementor-widget elementor-widget-image\" data-id=\"35d3dd23\" data-element_type=\"widget\" data-widget_type=\"image.default\">\n\t\t\t\t<div class=\"elementor-widget-container\">\n\t\t\t\t\t\t\t\t\t\t\t\t\t\t\t<img fetchpriority=\"high\" decoding=\"async\" width=\"1080\" height=\"1350\" src=\"https:\/\/myclinic.com.mx\/aesthetic\/wp-content\/uploads\/2024\/08\/casmara.jpg\" class=\"attachment-full size-full wp-image-705\" alt=\"\" srcset=\"https:\/\/myclinic.com.mx\/aesthetic\/wp-content\/uploads\/2024\/08\/casmara.jpg 1080w, https:\/\/myclinic.com.mx\/aesthetic\/wp-content\/uploads\/2024\/08\/casmara-240x300.jpg 240w, https:\/\/myclinic.com.mx\/aesthetic\/wp-content\/uploads\/2024\/08\/casmara-819x1024.jpg 819w, https:\/\/myclinic.com.mx\/aesthetic\/wp-content\/uploads\/2024\/08\/casmara-768x960.jpg 768w\" sizes=\"(max-width: 1080px) 100vw, 1080px\" \/>\t\t\t\t\t\t\t\t\t\t\t\t\t\t\t<\/div>\n\t\t\t\t<\/div>\n\t\t\t\t\t<\/div>\n\t\t<\/div>\n\t\t\t\t<div class=\"elementor-column elementor-col-50 elementor-top-column elementor-element elementor-element-73eeeff1\" data-id=\"73eeeff1\" data-element_type=\"column\">\n\t\t\t<div class=\"elementor-widget-wrap elementor-element-populated\">\n\t\t\t\t\t\t<div class=\"elementor-element elementor-element-26dfcbe9 elementor-widget elementor-widget-heading\" data-id=\"26dfcbe9\" data-element_type=\"widget\" data-widget_type=\"heading.default\">\n\t\t\t\t<div class=\"elementor-widget-container\">\n\t\t\t\t\t<h2 class=\"elementor-heading-title elementor-size-default\">Hydrafacial + Mascarilla Casmara<\/h2>\t\t\t\t<\/div>\n\t\t\t\t<\/div>\n\t\t\t\t<div class=\"elementor-element elementor-element-2f4fc3b4 elementor-widget elementor-widget-text-editor\" data-id=\"2f4fc3b4\" data-element_type=\"widget\" data-widget_type=\"text-editor.default\">\n\t\t\t\t<div class=\"elementor-widget-container\">\n\t\t\t\t\t\t\t\t\t<p>Nuestro tratamiento no invasivo trata todas las preocupaciones y aporta un glow inigualable. A diferencia de los tratamientos faciales tradicionales, se realiza con nuestro dispositivo y no con la mano, para garantizar una penetraci\u00f3n m\u00e1s profunda y unos resultados m\u00e1s duraderos.<\/p><h3>Por qu\u00e9 es diferente<\/h3><p>La magia de Hydrafacial est\u00e1 en la pieza mano que mediante succi\u00f3n limpia el poro en profundidad y extrae f\u00e1cilmente las impurezas. Tambi\u00e9n permite que los principios activos de nuestros boosters penetren en profundidad, lo que en definitiva aumenta la eficacia del tratamiento.<\/p><h3>Beneficios y resultados generales de Hydrafacial<\/h3><p>Si por algo caracteriza &#8216;Hydrafacial&#8217; es la rapidez de sus sesiones y la eficacia demostrada desde la primera sesi\u00f3n. De ah\u00ed que sea perfecto para preparar la piel de cara a eventos importantes, al igual que sea ideal para mejorar su apariencia a largo plazo si te sometes a \u00e9l.<\/p><p>Los beneficios generales de este tratamiento son m\u00e1s de 10 y van desde una reducci\u00f3n de los puntos negros hasta la atenuaci\u00f3n de finas l\u00edneas de expresi\u00f3n:<\/p>\t\t\t\t\t\t\t\t<\/div>\n\t\t\t\t<\/div>\n\t\t\t\t\t<\/div>\n\t\t<\/div>\n\t\t\t\t\t<\/div>\n\t\t<\/section>\n\t\t\t\t<section class=\"elementor-section elementor-top-section elementor-element elementor-element-63d85f3 elementor-section-content-middle elementor-section-boxed elementor-section-height-default elementor-section-height-default\" data-id=\"63d85f3\" data-element_type=\"section\">\n\t\t\t\t\t\t\t<div class=\"elementor-background-overlay\"><\/div>\n\t\t\t\t\t\t\t<div class=\"elementor-container elementor-column-gap-default\">\n\t\t\t\t\t<div class=\"elementor-column elementor-col-50 elementor-top-column elementor-element elementor-element-ba336cd elementor-hidden-phone\" data-id=\"ba336cd\" data-element_type=\"column\">\n\t\t\t<div class=\"elementor-widget-wrap elementor-element-populated\">\n\t\t\t\t\t\t<div class=\"elementor-element elementor-element-eb7b7ce elementor-widget elementor-widget-text-editor\" data-id=\"eb7b7ce\" data-element_type=\"widget\" data-widget_type=\"text-editor.default\">\n\t\t\t\t<div class=\"elementor-widget-container\">\n\t\t\t\t\t\t\t\t\t<p>1. Aceleraci\u00f3n de la renovaci\u00f3n de la superficie de la piel, gracias a la oxigenaci\u00f3n de las c\u00e9lulas del rostro.<\/p><p>2. Reducci\u00f3n de los puntos negros y descongesti\u00f3n de poros mediante la extracci\u00f3n por succi\u00f3n del cabezal de hidra-dermoabrasi\u00f3n que acaba con la obstrucci\u00f3n del sebo natural. Ideal para pieles grasas.<\/p><p>3. Tono m\u00e1s luminoso, igualado y suave al eliminar c\u00e9lulas muertas, &#8216;Hydrafacial&#8217; consigue mejorar el tono de la piel e incluso reducir rojeces o manchas superficiales.<\/p><p>4. Hidrataci\u00f3n \u00f3ptima en profundidad a trav\u00e9s de los &#8216;booster&#8217; personalizados para cada tipo de piel.<\/p><p>5. Eliminaci\u00f3n de impurezas, como restos de maquillaje, contaminaci\u00f3n o c\u00e9lulas muertas que quedan en nuestro rostro debido a una limpieza diaria deficiente, sin una pr\u00e1ctica agresiva evitando la irritaci\u00f3n.<\/p><p>6. Suaviza arrugas superficiales y rejuvenece de manera visible el rostro gracias a una abrasi\u00f3n muy suave y no invasiva, as\u00ed como al &#8216;booster&#8217; especial de vitamina C.<\/p><p>7. Estimula la microcirculaci\u00f3n facial para reducir las ojeras, recuperar el tono muscular y desintoxicar linf\u00e1ticamente.<\/p><p>8. Reparaci\u00f3n de los da\u00f1os cut\u00e1neos por la oxidaci\u00f3n de las c\u00e9lulas, por ejemplo de los provocados por la radiaci\u00f3n solar. Una recomendaci\u00f3n por parte de Myriam Y\u00e9benes es utilizar religiosamente tu protector UVA-UV, m\u00e1s a\u00fan tras una sesi\u00f3n de &#8216;Hydrafacial&#8217;.<\/p><p>9. Mejora la apariencia del acn\u00e9 leve o moderado, siempre que no est\u00e9 en un brote activo ayudar\u00e1 a suavizar peque\u00f1as marcas y a mantener la piel descongestionada.<\/p><p>10. Aspecto m\u00e1s terso y firme de la piel. Al favorecer la regeneraci\u00f3n celular, hidratar el rostro en profundidad y permitir una oxigenaci\u00f3n inmediata, &#8216;Hydrafacial&#8217; consigue esa apariencia de &#8220;piel de cristal&#8221; tan codiciada por muchas.<\/p>\t\t\t\t\t\t\t\t<\/div>\n\t\t\t\t<\/div>\n\t\t\t\t\t<\/div>\n\t\t<\/div>\n\t\t\t\t<div class=\"elementor-column elementor-col-50 elementor-top-column elementor-element elementor-element-91d10df\" data-id=\"91d10df\" data-element_type=\"column\">\n\t\t\t<div class=\"elementor-widget-wrap elementor-element-populated\">\n\t\t\t\t\t\t<div class=\"elementor-element elementor-element-d058041 elementor-widget elementor-widget-image\" data-id=\"d058041\" data-element_type=\"widget\" data-widget_type=\"image.default\">\n\t\t\t\t<div class=\"elementor-widget-container\">\n\t\t\t\t\t\t\t\t\t\t\t\t\t\t\t<img decoding=\"async\" width=\"741\" height=\"1111\" src=\"https:\/\/myclinic.com.mx\/aesthetic\/wp-content\/uploads\/2024\/08\/Hydrafacial-Mascarilla-Casmara.jpg\" class=\"attachment-full size-full wp-image-701\" alt=\"\" srcset=\"https:\/\/myclinic.com.mx\/aesthetic\/wp-content\/uploads\/2024\/08\/Hydrafacial-Mascarilla-Casmara.jpg 741w, https:\/\/myclinic.com.mx\/aesthetic\/wp-content\/uploads\/2024\/08\/Hydrafacial-Mascarilla-Casmara-200x300.jpg 200w, https:\/\/myclinic.com.mx\/aesthetic\/wp-content\/uploads\/2024\/08\/Hydrafacial-Mascarilla-Casmara-683x1024.jpg 683w\" sizes=\"(max-width: 741px) 100vw, 741px\" \/>\t\t\t\t\t\t\t\t\t\t\t\t\t\t\t<\/div>\n\t\t\t\t<\/div>\n\t\t\t\t\t<\/div>\n\t\t<\/div>\n\t\t\t\t\t<\/div>\n\t\t<\/section>\n\t\t\t\t<section class=\"elementor-section elementor-top-section elementor-element elementor-element-b2d07d8 elementor-section-content-middle elementor-section-boxed elementor-section-height-default elementor-section-height-default\" data-id=\"b2d07d8\" data-element_type=\"section\">\n\t\t\t\t\t\t\t<div class=\"elementor-background-overlay\"><\/div>\n\t\t\t\t\t\t\t<div class=\"elementor-container elementor-column-gap-default\">\n\t\t\t\t\t<div class=\"elementor-column elementor-col-50 elementor-top-column elementor-element elementor-element-cad551b elementor-hidden-phone\" data-id=\"cad551b\" data-element_type=\"column\">\n\t\t\t<div class=\"elementor-widget-wrap elementor-element-populated\">\n\t\t\t\t\t\t<div class=\"elementor-element elementor-element-e8ac5a7 elementor-widget elementor-widget-image\" data-id=\"e8ac5a7\" data-element_type=\"widget\" data-widget_type=\"image.default\">\n\t\t\t\t<div class=\"elementor-widget-container\">\n\t\t\t\t\t\t\t\t\t\t\t\t\t\t\t<img decoding=\"async\" width=\"1024\" height=\"1024\" src=\"https:\/\/myclinic.com.mx\/aesthetic\/wp-content\/uploads\/2024\/08\/Mascarilla-facial-Casmara.jpg\" class=\"attachment-full size-full wp-image-709\" alt=\"\" srcset=\"https:\/\/myclinic.com.mx\/aesthetic\/wp-content\/uploads\/2024\/08\/Mascarilla-facial-Casmara.jpg 1024w, https:\/\/myclinic.com.mx\/aesthetic\/wp-content\/uploads\/2024\/08\/Mascarilla-facial-Casmara-300x300.jpg 300w, https:\/\/myclinic.com.mx\/aesthetic\/wp-content\/uploads\/2024\/08\/Mascarilla-facial-Casmara-150x150.jpg 150w, https:\/\/myclinic.com.mx\/aesthetic\/wp-content\/uploads\/2024\/08\/Mascarilla-facial-Casmara-768x768.jpg 768w\" sizes=\"(max-width: 1024px) 100vw, 1024px\" \/>\t\t\t\t\t\t\t\t\t\t\t\t\t\t\t<\/div>\n\t\t\t\t<\/div>\n\t\t\t\t\t<\/div>\n\t\t<\/div>\n\t\t\t\t<div class=\"elementor-column elementor-col-50 elementor-top-column elementor-element elementor-element-8b6439f\" data-id=\"8b6439f\" data-element_type=\"column\">\n\t\t\t<div class=\"elementor-widget-wrap elementor-element-populated\">\n\t\t\t\t\t\t<div class=\"elementor-element elementor-element-2d1ba2a elementor-widget elementor-widget-text-editor\" data-id=\"2d1ba2a\" data-element_type=\"widget\" data-widget_type=\"text-editor.default\">\n\t\t\t\t<div class=\"elementor-widget-container\">\n\t\t\t\t\t\t\t\t\t<h2>Mascarilla facial Casmara<\/h2><p>Cosm\u00e9tica innovadora y natural (+95%) que ofrece un cuidado avanzado y exclusivo, con efectos visibles inmediatos sobre la piel.<\/p><p>Aut\u00e9ntica COSM\u00c9TICA HOL\u00cdSTICA, la fusi\u00f3n perfecta de acci\u00f3n cosm\u00e9tica y sensorial que aporta al rostro hidrataci\u00f3n, firmeza y sensaciones \u00fanicas. Su efecto hielo y oclusivo proporciona una placentera sensaci\u00f3n que ofrece un momento de aut\u00e9ntico bienestar. Ultra reafirmante e hidratante.<\/p><p>El Hydrafacial y las mascarillas Casmara son combinaci\u00f3n cosm\u00e9tica \u00fanica para que mimes tu piel al m\u00e1ximo y tengas la mejor piel de tu vida con efectos inmediatos.<\/p>\t\t\t\t\t\t\t\t<\/div>\n\t\t\t\t<\/div>\n\t\t\t\t<div class=\"elementor-element elementor-element-5a2c2d7 elementor-widget elementor-widget-button\" data-id=\"5a2c2d7\" data-element_type=\"widget\" data-widget_type=\"button.default\">\n\t\t\t\t<div class=\"elementor-widget-container\">\n\t\t\t\t\t\t\t\t\t<div class=\"elementor-button-wrapper\">\n\t\t\t\t\t<a class=\"elementor-button elementor-button-link elementor-size-sm\" href=\"https:\/\/myclinic.com.mx\/aesthetic\/contacto\">\n\t\t\t\t\t\t<span class=\"elementor-button-content-wrapper\">\n\t\t\t\t\t\t<span class=\"elementor-button-icon\">\n\t\t\t\t<i aria-hidden=\"true\" class=\"jki jki-envelope-light\"><\/i>\t\t\t<\/span>\n\t\t\t\t\t\t\t\t\t<span class=\"elementor-button-text\">CONTACTAR<\/span>\n\t\t\t\t\t<\/span>\n\t\t\t\t\t<\/a>\n\t\t\t\t<\/div>\n\t\t\t\t\t\t\t\t<\/div>\n\t\t\t\t<\/div>\n\t\t\t\t\t<\/div>\n\t\t<\/div>\n\t\t\t\t\t<\/div>\n\t\t<\/section>\n\t\t\t\t<\/div>\n\t\t","protected":false},"excerpt":{"rendered":"<p>Reservar una cita Env\u00edanos tus datos para ponernos en contacto. Contactar My Clinic Aesthetic Hydrafacial \u2013 La mejor piel de tu vida Hydrafacial es un tratamiento m\u00e9dico no invasivo de rejuvenecimiento facial dise\u00f1ado para obtener resultados a largo plazo y conseguir una piel saludable. Adem\u00e1s, nos ofrece la personalizaci\u00f3n seg\u00fan tipo de piel con el [&hellip;]<\/p>\n","protected":false},"author":1,"featured_media":0,"parent":0,"menu_order":0,"comment_status":"closed","ping_status":"closed","template":"elementor_header_footer","meta":{"footnotes":""},"class_list":["post-677","page","type-page","status-publish","hentry"],"_links":{"self":[{"href":"https:\/\/myclinic.com.mx\/aesthetic\/wp-json\/wp\/v2\/pages\/677","targetHints":{"allow":["GET"]}}],"collection":[{"href":"https:\/\/myclinic.com.mx\/aesthetic\/wp-json\/wp\/v2\/pages"}],"about":[{"href":"https:\/\/myclinic.com.mx\/aesthetic\/wp-json\/wp\/v2\/types\/page"}],"author":[{"embeddable":true,"href":"https:\/\/myclinic.com.mx\/aesthetic\/wp-json\/wp\/v2\/users\/1"}],"replies":[{"embeddable":true,"href":"https:\/\/myclinic.com.mx\/aesthetic\/wp-json\/wp\/v2\/comments?post=677"}],"version-history":[{"count":31,"href":"https:\/\/myclinic.com.mx\/aesthetic\/wp-json\/wp\/v2\/pages\/677\/revisions"}],"predecessor-version":[{"id":712,"href":"https:\/\/myclinic.com.mx\/aesthetic\/wp-json\/wp\/v2\/pages\/677\/revisions\/712"}],"wp:attachment":[{"href":"https:\/\/myclinic.com.mx\/aesthetic\/wp-json\/wp\/v2\/media?parent=677"}],"curies":[{"name":"wp","href":"https:\/\/api.w.org\/{rel}","templated":true}]}}