{"id":538,"date":"2024-08-26T13:44:32","date_gmt":"2024-08-26T13:44:32","guid":{"rendered":"https:\/\/myclinic.com.mx\/aesthetic\/?page_id=538"},"modified":"2024-08-26T14:07:21","modified_gmt":"2024-08-26T14:07:21","slug":"rellenos-faciales","status":"publish","type":"page","link":"https:\/\/myclinic.com.mx\/aesthetic\/rellenos-faciales\/","title":{"rendered":"Rellenos Faciales"},"content":{"rendered":"\t\t<div data-elementor-type=\"wp-page\" data-elementor-id=\"538\" class=\"elementor elementor-538\" data-elementor-post-type=\"page\">\n\t\t\t\t\t\t<section class=\"elementor-section elementor-top-section elementor-element elementor-element-701f9f0f elementor-section-full_width elementor-section-height-default elementor-section-height-default\" data-id=\"701f9f0f\" data-element_type=\"section\" data-settings=\"{&quot;background_background&quot;:&quot;classic&quot;}\">\n\t\t\t\t\t\t<div class=\"elementor-container elementor-column-gap-no\">\n\t\t\t\t\t<div class=\"elementor-column elementor-col-50 elementor-top-column elementor-element elementor-element-230dff6a\" data-id=\"230dff6a\" data-element_type=\"column\" data-settings=\"{&quot;background_background&quot;:&quot;classic&quot;}\">\n\t\t\t<div class=\"elementor-widget-wrap elementor-element-populated\">\n\t\t\t\t\t<div class=\"elementor-background-overlay\"><\/div>\n\t\t\t\t\t\t<div class=\"elementor-element elementor-element-282705ed elementor-widget elementor-widget-spacer\" data-id=\"282705ed\" data-element_type=\"widget\" data-widget_type=\"spacer.default\">\n\t\t\t\t<div class=\"elementor-widget-container\">\n\t\t\t\t\t\t\t<div class=\"elementor-spacer\">\n\t\t\t<div class=\"elementor-spacer-inner\"><\/div>\n\t\t<\/div>\n\t\t\t\t\t\t<\/div>\n\t\t\t\t<\/div>\n\t\t\t\t<section class=\"elementor-section elementor-inner-section elementor-element elementor-element-71997023 elementor-section-content-bottom elementor-hidden-phone animated-slow elementor-section-boxed elementor-section-height-default elementor-section-height-default elementor-invisible\" data-id=\"71997023\" data-element_type=\"section\" data-settings=\"{&quot;animation&quot;:&quot;fadeInLeft&quot;}\">\n\t\t\t\t\t\t<div class=\"elementor-container elementor-column-gap-default\">\n\t\t\t\t\t<div class=\"elementor-column elementor-col-50 elementor-inner-column elementor-element elementor-element-66942191\" data-id=\"66942191\" data-element_type=\"column\" data-settings=\"{&quot;background_background&quot;:&quot;classic&quot;}\">\n\t\t\t<div class=\"elementor-widget-wrap elementor-element-populated\">\n\t\t\t\t\t\t<div class=\"elementor-element elementor-element-544cb65d elementor-widget elementor-widget-heading\" data-id=\"544cb65d\" data-element_type=\"widget\" data-widget_type=\"heading.default\">\n\t\t\t\t<div class=\"elementor-widget-container\">\n\t\t\t\t\t<h3 class=\"elementor-heading-title elementor-size-default\">Reservar una cita<\/h3>\t\t\t\t<\/div>\n\t\t\t\t<\/div>\n\t\t\t\t<div class=\"elementor-element elementor-element-3bc11377 elementor-widget elementor-widget-text-editor\" data-id=\"3bc11377\" data-element_type=\"widget\" data-widget_type=\"text-editor.default\">\n\t\t\t\t<div class=\"elementor-widget-container\">\n\t\t\t\t\t\t\t\t\tEnv\u00edanos tus datos para ponernos en contacto.\t\t\t\t\t\t\t\t<\/div>\n\t\t\t\t<\/div>\n\t\t\t\t<div class=\"elementor-element elementor-element-197f15a0 elementor-widget elementor-widget-button\" data-id=\"197f15a0\" data-element_type=\"widget\" data-widget_type=\"button.default\">\n\t\t\t\t<div class=\"elementor-widget-container\">\n\t\t\t\t\t\t\t\t\t<div class=\"elementor-button-wrapper\">\n\t\t\t\t\t<a class=\"elementor-button elementor-button-link elementor-size-sm elementor-animation-float\" href=\"https:\/\/myclinic.com.mx\/aesthetic\/contacto\">\n\t\t\t\t\t\t<span class=\"elementor-button-content-wrapper\">\n\t\t\t\t\t\t<span class=\"elementor-button-icon\">\n\t\t\t\t<svg aria-hidden=\"true\" class=\"e-font-icon-svg e-fas-arrow-right\" viewBox=\"0 0 448 512\" xmlns=\"http:\/\/www.w3.org\/2000\/svg\"><path d=\"M190.5 66.9l22.2-22.2c9.4-9.4 24.6-9.4 33.9 0L441 239c9.4 9.4 9.4 24.6 0 33.9L246.6 467.3c-9.4 9.4-24.6 9.4-33.9 0l-22.2-22.2c-9.5-9.5-9.3-25 .4-34.3L311.4 296H24c-13.3 0-24-10.7-24-24v-32c0-13.3 10.7-24 24-24h287.4L190.9 101.2c-9.8-9.3-10-24.8-.4-34.3z\"><\/path><\/svg>\t\t\t<\/span>\n\t\t\t\t\t\t\t\t\t<span class=\"elementor-button-text\">Contactar<\/span>\n\t\t\t\t\t<\/span>\n\t\t\t\t\t<\/a>\n\t\t\t\t<\/div>\n\t\t\t\t\t\t\t\t<\/div>\n\t\t\t\t<\/div>\n\t\t\t\t\t<\/div>\n\t\t<\/div>\n\t\t\t\t<div class=\"elementor-column elementor-col-50 elementor-inner-column elementor-element elementor-element-35088125\" data-id=\"35088125\" data-element_type=\"column\">\n\t\t\t<div class=\"elementor-widget-wrap\">\n\t\t\t\t\t\t\t<\/div>\n\t\t<\/div>\n\t\t\t\t\t<\/div>\n\t\t<\/section>\n\t\t\t\t\t<\/div>\n\t\t<\/div>\n\t\t\t\t<div class=\"elementor-column elementor-col-50 elementor-top-column elementor-element elementor-element-1351d53d\" data-id=\"1351d53d\" data-element_type=\"column\" data-settings=\"{&quot;background_background&quot;:&quot;gradient&quot;}\">\n\t\t\t<div class=\"elementor-widget-wrap elementor-element-populated\">\n\t\t\t\t\t<div class=\"elementor-background-overlay\"><\/div>\n\t\t\t\t\t\t<div class=\"elementor-element elementor-element-25eb2c36 animated-slow elementor-invisible elementor-widget elementor-widget-heading\" data-id=\"25eb2c36\" data-element_type=\"widget\" data-settings=\"{&quot;_animation&quot;:&quot;fadeInLeft&quot;}\" data-widget_type=\"heading.default\">\n\t\t\t\t<div class=\"elementor-widget-container\">\n\t\t\t\t\t<h5 class=\"elementor-heading-title elementor-size-default\">My Clinic Aesthetic<\/h5>\t\t\t\t<\/div>\n\t\t\t\t<\/div>\n\t\t\t\t<div class=\"elementor-element elementor-element-11f56d47 elementor-widget elementor-widget-heading\" data-id=\"11f56d47\" data-element_type=\"widget\" data-widget_type=\"heading.default\">\n\t\t\t\t<div class=\"elementor-widget-container\">\n\t\t\t\t\t<h2 class=\"elementor-heading-title elementor-size-default\">Rellenos Faciales\n<br>\n\u00c1cido Hialur\u00f3nico<\/h2>\t\t\t\t<\/div>\n\t\t\t\t<\/div>\n\t\t\t\t<div class=\"elementor-element elementor-element-47497920 elementor-widget elementor-widget-text-editor\" data-id=\"47497920\" data-element_type=\"widget\" data-widget_type=\"text-editor.default\">\n\t\t\t\t<div class=\"elementor-widget-container\">\n\t\t\t\t\t\t\t\t\tEL \u00e1cido Hialur\u00f3nico, Hidrata, aporta volumen y rejuvenece.\n<br>\n<br>\nEn My Clinic Aesthetic utilizamos diferentes rellenos faciales para tratar el envejecimiento y corregir peque\u00f1os defectos est\u00e9ticos.\n<br>\n<br>\nA medida que vamos envejeciendo, la piel pierde grasa, col\u00e1geno y \u00e1cido\nhialur\u00f3nico, unas sustancias que proporcionan volumen y soporte facial.\nAsimismo, empiezan a aparecer l\u00edneas de expresi\u00f3n, arrugas y pliegues.\n<br>\n<br>\nLos rellenos faciales que empleamos en nuestras cl\u00ednicas, est\u00e1n compuestos\npor hialur\u00f3nico similar al de nuestro cuerpo, y dise\u00f1ados de forma espec\u00edfica para que act\u00faen en el interior de las diferentes capas de la piel, restaurando el volumen facial y mejorando claramente la calidad de la piel.\n<br>\nNuestros rellenos faciales contribuyen a revitalizar y mejorar las caracter\u00edsticas faciales para diferentes tratamientos:\t\t\t\t\t\t\t\t<\/div>\n\t\t\t\t<\/div>\n\t\t\t\t<div class=\"elementor-element elementor-element-2a0a2d3a elementor-align-left elementor-mobile-align-left elementor-widget elementor-widget-button\" data-id=\"2a0a2d3a\" data-element_type=\"widget\" data-widget_type=\"button.default\">\n\t\t\t\t<div class=\"elementor-widget-container\">\n\t\t\t\t\t\t\t\t\t<div class=\"elementor-button-wrapper\">\n\t\t\t\t\t<a class=\"elementor-button elementor-button-link elementor-size-sm elementor-animation-float\" href=\"https:\/\/wa.link\/ei8qkz\" target=\"_blank\">\n\t\t\t\t\t\t<span class=\"elementor-button-content-wrapper\">\n\t\t\t\t\t\t<span class=\"elementor-button-icon\">\n\t\t\t\t<i aria-hidden=\"true\" class=\"jki jki-whatsapp-1-light\"><\/i>\t\t\t<\/span>\n\t\t\t\t\t\t\t\t\t<span class=\"elementor-button-text\">SOLICITAR UNA CITA<\/span>\n\t\t\t\t\t<\/span>\n\t\t\t\t\t<\/a>\n\t\t\t\t<\/div>\n\t\t\t\t\t\t\t\t<\/div>\n\t\t\t\t<\/div>\n\t\t\t\t\t<\/div>\n\t\t<\/div>\n\t\t\t\t\t<\/div>\n\t\t<\/section>\n\t\t\t\t<section class=\"elementor-section elementor-top-section elementor-element elementor-element-19b4f850 elementor-section-content-middle elementor-section-boxed elementor-section-height-default elementor-section-height-default\" data-id=\"19b4f850\" data-element_type=\"section\">\n\t\t\t\t\t\t\t<div class=\"elementor-background-overlay\"><\/div>\n\t\t\t\t\t\t\t<div class=\"elementor-container elementor-column-gap-default\">\n\t\t\t\t\t<div class=\"elementor-column elementor-col-50 elementor-top-column elementor-element elementor-element-4f4ae9d8 elementor-hidden-phone\" data-id=\"4f4ae9d8\" data-element_type=\"column\">\n\t\t\t<div class=\"elementor-widget-wrap elementor-element-populated\">\n\t\t\t\t\t\t<div class=\"elementor-element elementor-element-6e0f8bb3 elementor-widget elementor-widget-image\" data-id=\"6e0f8bb3\" data-element_type=\"widget\" data-widget_type=\"image.default\">\n\t\t\t\t<div class=\"elementor-widget-container\">\n\t\t\t\t\t\t\t\t\t\t\t\t\t\t\t<img fetchpriority=\"high\" decoding=\"async\" width=\"1000\" height=\"1266\" src=\"https:\/\/myclinic.com.mx\/aesthetic\/wp-content\/uploads\/2024\/08\/rellenos-faciales-myclinic.jpg\" class=\"attachment-full size-full wp-image-547\" alt=\"\" srcset=\"https:\/\/myclinic.com.mx\/aesthetic\/wp-content\/uploads\/2024\/08\/rellenos-faciales-myclinic.jpg 1000w, https:\/\/myclinic.com.mx\/aesthetic\/wp-content\/uploads\/2024\/08\/rellenos-faciales-myclinic-237x300.jpg 237w, https:\/\/myclinic.com.mx\/aesthetic\/wp-content\/uploads\/2024\/08\/rellenos-faciales-myclinic-809x1024.jpg 809w, https:\/\/myclinic.com.mx\/aesthetic\/wp-content\/uploads\/2024\/08\/rellenos-faciales-myclinic-768x972.jpg 768w\" sizes=\"(max-width: 1000px) 100vw, 1000px\" \/>\t\t\t\t\t\t\t\t\t\t\t\t\t\t\t<\/div>\n\t\t\t\t<\/div>\n\t\t\t\t\t<\/div>\n\t\t<\/div>\n\t\t\t\t<div class=\"elementor-column elementor-col-50 elementor-top-column elementor-element elementor-element-39a61d04\" data-id=\"39a61d04\" data-element_type=\"column\">\n\t\t\t<div class=\"elementor-widget-wrap elementor-element-populated\">\n\t\t\t\t\t\t<div class=\"elementor-element elementor-element-17e7f311 elementor-widget elementor-widget-text-editor\" data-id=\"17e7f311\" data-element_type=\"widget\" data-widget_type=\"text-editor.default\">\n\t\t\t\t<div class=\"elementor-widget-container\">\n\t\t\t\t\t\t\t\t\tEl \u00e1cido hialur\u00f3nico en la cara forma parte de manera natural en nuestro\norganismo que tiene gran capacidad para retener agua e hidratar la piel,\nmanteniendo su elasticidad y volumen.\n<br>\n<br>\nCuando envejecemos, vamos perdiendo este \u00e1cido hialur\u00f3nico y, por tanto,\nse provoca una p\u00e9rdida progresiva de los vol\u00famenes faciales, para evitar o\npaliar esta p\u00e9rdida tenemos los rellenos.\n<br>\n<br>\nCon el \u00e1cido hialur\u00f3nico podemos realizar siguientes mejoras en zona facial:\n<br>\n<br>\n\u2022 Rejuvenecimiento de la piel\n<br>\n\u2022 Remodelaci\u00f3n de labios con o sin aumento de ellos\n<br>\n\u2022 Remodelaci\u00f3n y aumento de p\u00f3mulos\n<br>\n\u2022 Relleno de l\u00edneas peribucales o surcos nasogenianos\n<br>\n\u2022 Relleno de arrugas medias y profundas\n<br>\n\u2022 Relleno de rictus o l\u00edneas de marioneta\n<br>\n\u2022 Remodelaci\u00f3n del ment\u00f3n\n<br>\n\u2022 Remodelaci\u00f3n de imperfecciones nasales\n<br>\n\u2022 Remodelaci\u00f3n del \u00f3valo facial mejorando la simetr\u00eda facial.\n<br>\n\u2022 Tratamiento peri ocular (ojeras)\t\t\t\t\t\t\t\t<\/div>\n\t\t\t\t<\/div>\n\t\t\t\t<div class=\"elementor-element elementor-element-3b19e657 elementor-widget elementor-widget-button\" data-id=\"3b19e657\" data-element_type=\"widget\" data-widget_type=\"button.default\">\n\t\t\t\t<div class=\"elementor-widget-container\">\n\t\t\t\t\t\t\t\t\t<div class=\"elementor-button-wrapper\">\n\t\t\t\t\t<a class=\"elementor-button elementor-button-link elementor-size-sm\" href=\"https:\/\/myclinic.com.mx\/aesthetic\/contacto\">\n\t\t\t\t\t\t<span class=\"elementor-button-content-wrapper\">\n\t\t\t\t\t\t<span class=\"elementor-button-icon\">\n\t\t\t\t<i aria-hidden=\"true\" class=\"jki jki-envelope-light\"><\/i>\t\t\t<\/span>\n\t\t\t\t\t\t\t\t\t<span class=\"elementor-button-text\">CONTACTAR<\/span>\n\t\t\t\t\t<\/span>\n\t\t\t\t\t<\/a>\n\t\t\t\t<\/div>\n\t\t\t\t\t\t\t\t<\/div>\n\t\t\t\t<\/div>\n\t\t\t\t\t<\/div>\n\t\t<\/div>\n\t\t\t\t\t<\/div>\n\t\t<\/section>\n\t\t\t\t<\/div>\n\t\t","protected":false},"excerpt":{"rendered":"<p>Reservar una cita Env\u00edanos tus datos para ponernos en contacto. Contactar My Clinic Aesthetic Rellenos Faciales \u00c1cido Hialur\u00f3nico EL \u00e1cido Hialur\u00f3nico, Hidrata, aporta volumen y rejuvenece. En My Clinic Aesthetic utilizamos diferentes rellenos faciales para tratar el envejecimiento y corregir peque\u00f1os defectos est\u00e9ticos. A medida que vamos envejeciendo, la piel pierde grasa, col\u00e1geno y \u00e1cido [&hellip;]<\/p>\n","protected":false},"author":1,"featured_media":0,"parent":0,"menu_order":0,"comment_status":"closed","ping_status":"closed","template":"elementor_header_footer","meta":{"footnotes":""},"class_list":["post-538","page","type-page","status-publish","hentry"],"_links":{"self":[{"href":"https:\/\/myclinic.com.mx\/aesthetic\/wp-json\/wp\/v2\/pages\/538","targetHints":{"allow":["GET"]}}],"collection":[{"href":"https:\/\/myclinic.com.mx\/aesthetic\/wp-json\/wp\/v2\/pages"}],"about":[{"href":"https:\/\/myclinic.com.mx\/aesthetic\/wp-json\/wp\/v2\/types\/page"}],"author":[{"embeddable":true,"href":"https:\/\/myclinic.com.mx\/aesthetic\/wp-json\/wp\/v2\/users\/1"}],"replies":[{"embeddable":true,"href":"https:\/\/myclinic.com.mx\/aesthetic\/wp-json\/wp\/v2\/comments?post=538"}],"version-history":[{"count":19,"href":"https:\/\/myclinic.com.mx\/aesthetic\/wp-json\/wp\/v2\/pages\/538\/revisions"}],"predecessor-version":[{"id":559,"href":"https:\/\/myclinic.com.mx\/aesthetic\/wp-json\/wp\/v2\/pages\/538\/revisions\/559"}],"wp:attachment":[{"href":"https:\/\/myclinic.com.mx\/aesthetic\/wp-json\/wp\/v2\/media?parent=538"}],"curies":[{"name":"wp","href":"https:\/\/api.w.org\/{rel}","templated":true}]}}