{"id":505,"date":"2024-08-26T13:02:02","date_gmt":"2024-08-26T13:02:02","guid":{"rendered":"https:\/\/myclinic.com.mx\/aesthetic\/?page_id=505"},"modified":"2024-08-26T13:17:48","modified_gmt":"2024-08-26T13:17:48","slug":"remodelacion-de-labios","status":"publish","type":"page","link":"https:\/\/myclinic.com.mx\/aesthetic\/remodelacion-de-labios\/","title":{"rendered":"Remodelaci\u00f3n de labios"},"content":{"rendered":"\t\t<div data-elementor-type=\"wp-page\" data-elementor-id=\"505\" class=\"elementor elementor-505\" data-elementor-post-type=\"page\">\n\t\t\t\t\t\t<section class=\"elementor-section elementor-top-section elementor-element elementor-element-967f6ee elementor-section-full_width elementor-section-height-default elementor-section-height-default\" data-id=\"967f6ee\" data-element_type=\"section\" data-settings=\"{&quot;background_background&quot;:&quot;classic&quot;}\">\n\t\t\t\t\t\t<div class=\"elementor-container elementor-column-gap-no\">\n\t\t\t\t\t<div class=\"elementor-column elementor-col-50 elementor-top-column elementor-element elementor-element-3a3d26c1\" data-id=\"3a3d26c1\" data-element_type=\"column\" data-settings=\"{&quot;background_background&quot;:&quot;classic&quot;}\">\n\t\t\t<div class=\"elementor-widget-wrap elementor-element-populated\">\n\t\t\t\t\t<div class=\"elementor-background-overlay\"><\/div>\n\t\t\t\t\t\t<div class=\"elementor-element elementor-element-42a8f9fe elementor-widget elementor-widget-spacer\" data-id=\"42a8f9fe\" data-element_type=\"widget\" data-widget_type=\"spacer.default\">\n\t\t\t\t<div class=\"elementor-widget-container\">\n\t\t\t\t\t\t\t<div class=\"elementor-spacer\">\n\t\t\t<div class=\"elementor-spacer-inner\"><\/div>\n\t\t<\/div>\n\t\t\t\t\t\t<\/div>\n\t\t\t\t<\/div>\n\t\t\t\t<section class=\"elementor-section elementor-inner-section elementor-element elementor-element-30b44e0a elementor-section-content-bottom elementor-hidden-phone animated-slow elementor-section-boxed elementor-section-height-default elementor-section-height-default elementor-invisible\" data-id=\"30b44e0a\" data-element_type=\"section\" data-settings=\"{&quot;animation&quot;:&quot;fadeInLeft&quot;}\">\n\t\t\t\t\t\t<div class=\"elementor-container elementor-column-gap-default\">\n\t\t\t\t\t<div class=\"elementor-column elementor-col-50 elementor-inner-column elementor-element elementor-element-cd7b5fc\" data-id=\"cd7b5fc\" data-element_type=\"column\" data-settings=\"{&quot;background_background&quot;:&quot;classic&quot;}\">\n\t\t\t<div class=\"elementor-widget-wrap elementor-element-populated\">\n\t\t\t\t\t\t<div class=\"elementor-element elementor-element-14876e29 elementor-widget elementor-widget-heading\" data-id=\"14876e29\" data-element_type=\"widget\" data-widget_type=\"heading.default\">\n\t\t\t\t<div class=\"elementor-widget-container\">\n\t\t\t\t\t<h3 class=\"elementor-heading-title elementor-size-default\">Reservar una cita<\/h3>\t\t\t\t<\/div>\n\t\t\t\t<\/div>\n\t\t\t\t<div class=\"elementor-element elementor-element-5b570434 elementor-widget elementor-widget-text-editor\" data-id=\"5b570434\" data-element_type=\"widget\" data-widget_type=\"text-editor.default\">\n\t\t\t\t<div class=\"elementor-widget-container\">\n\t\t\t\t\t\t\t\t\tEnv\u00edanos tus datos para ponernos en contacto.\t\t\t\t\t\t\t\t<\/div>\n\t\t\t\t<\/div>\n\t\t\t\t<div class=\"elementor-element elementor-element-10540212 elementor-widget elementor-widget-button\" data-id=\"10540212\" data-element_type=\"widget\" data-widget_type=\"button.default\">\n\t\t\t\t<div class=\"elementor-widget-container\">\n\t\t\t\t\t\t\t\t\t<div class=\"elementor-button-wrapper\">\n\t\t\t\t\t<a class=\"elementor-button elementor-button-link elementor-size-sm elementor-animation-float\" href=\"https:\/\/myclinic.com.mx\/aesthetic\/contacto\">\n\t\t\t\t\t\t<span class=\"elementor-button-content-wrapper\">\n\t\t\t\t\t\t<span class=\"elementor-button-icon\">\n\t\t\t\t<svg aria-hidden=\"true\" class=\"e-font-icon-svg e-fas-arrow-right\" viewBox=\"0 0 448 512\" xmlns=\"http:\/\/www.w3.org\/2000\/svg\"><path d=\"M190.5 66.9l22.2-22.2c9.4-9.4 24.6-9.4 33.9 0L441 239c9.4 9.4 9.4 24.6 0 33.9L246.6 467.3c-9.4 9.4-24.6 9.4-33.9 0l-22.2-22.2c-9.5-9.5-9.3-25 .4-34.3L311.4 296H24c-13.3 0-24-10.7-24-24v-32c0-13.3 10.7-24 24-24h287.4L190.9 101.2c-9.8-9.3-10-24.8-.4-34.3z\"><\/path><\/svg>\t\t\t<\/span>\n\t\t\t\t\t\t\t\t\t<span class=\"elementor-button-text\">Contactar<\/span>\n\t\t\t\t\t<\/span>\n\t\t\t\t\t<\/a>\n\t\t\t\t<\/div>\n\t\t\t\t\t\t\t\t<\/div>\n\t\t\t\t<\/div>\n\t\t\t\t\t<\/div>\n\t\t<\/div>\n\t\t\t\t<div class=\"elementor-column elementor-col-50 elementor-inner-column elementor-element elementor-element-733e7288\" data-id=\"733e7288\" data-element_type=\"column\">\n\t\t\t<div class=\"elementor-widget-wrap\">\n\t\t\t\t\t\t\t<\/div>\n\t\t<\/div>\n\t\t\t\t\t<\/div>\n\t\t<\/section>\n\t\t\t\t\t<\/div>\n\t\t<\/div>\n\t\t\t\t<div class=\"elementor-column elementor-col-50 elementor-top-column elementor-element elementor-element-234ec85e\" data-id=\"234ec85e\" data-element_type=\"column\" data-settings=\"{&quot;background_background&quot;:&quot;gradient&quot;}\">\n\t\t\t<div class=\"elementor-widget-wrap elementor-element-populated\">\n\t\t\t\t\t<div class=\"elementor-background-overlay\"><\/div>\n\t\t\t\t\t\t<div class=\"elementor-element elementor-element-19ea463c animated-slow elementor-invisible elementor-widget elementor-widget-heading\" data-id=\"19ea463c\" data-element_type=\"widget\" data-settings=\"{&quot;_animation&quot;:&quot;fadeInLeft&quot;}\" data-widget_type=\"heading.default\">\n\t\t\t\t<div class=\"elementor-widget-container\">\n\t\t\t\t\t<h5 class=\"elementor-heading-title elementor-size-default\">My Clinic Aesthetic<\/h5>\t\t\t\t<\/div>\n\t\t\t\t<\/div>\n\t\t\t\t<div class=\"elementor-element elementor-element-c7c92a elementor-widget elementor-widget-heading\" data-id=\"c7c92a\" data-element_type=\"widget\" data-widget_type=\"heading.default\">\n\t\t\t\t<div class=\"elementor-widget-container\">\n\t\t\t\t\t<h2 class=\"elementor-heading-title elementor-size-default\">Remodelaci\u00f3n de labios con o sin aumento con \u00e1cido Hialur\u00f3nico Belotero<\/h2>\t\t\t\t<\/div>\n\t\t\t\t<\/div>\n\t\t\t\t<div class=\"elementor-element elementor-element-5c79c87e elementor-widget elementor-widget-text-editor\" data-id=\"5c79c87e\" data-element_type=\"widget\" data-widget_type=\"text-editor.default\">\n\t\t\t\t<div class=\"elementor-widget-container\">\n\t\t\t\t\t\t\t\t\t<h3><span style=\"color: #ffffff;\">\u00bfQu\u00e9 tratamientos se pueden hacer en los labios?<\/span><\/h3><p>El relleno y perfilado de labios con \u00e1cido hialur\u00f3nico es un procedimiento est\u00e9tico no quir\u00fargico id\u00f3neo para mejorar la apariencia y armon\u00eda de los labios.<\/p><p>Podemos, no solo aumentar el volumen del labio, sino tambi\u00e9n simplemente lograr una mejor definici\u00f3n, hidrataci\u00f3n, un contorno de labios m\u00e1s bonito o una piel m\u00e1s lisa y repulpada.<\/p><p>El aumento de labios, es sin duda el procedimiento m\u00e1s demandado de los \u00faltimos a\u00f1os en las cl\u00ednicas de medicina est\u00e9tica.<\/p>\t\t\t\t\t\t\t\t<\/div>\n\t\t\t\t<\/div>\n\t\t\t\t<div class=\"elementor-element elementor-element-6ac07fde elementor-align-left elementor-mobile-align-left elementor-widget elementor-widget-button\" data-id=\"6ac07fde\" data-element_type=\"widget\" data-widget_type=\"button.default\">\n\t\t\t\t<div class=\"elementor-widget-container\">\n\t\t\t\t\t\t\t\t\t<div class=\"elementor-button-wrapper\">\n\t\t\t\t\t<a class=\"elementor-button elementor-button-link elementor-size-sm elementor-animation-float\" href=\"https:\/\/wa.link\/ei8qkz\" target=\"_blank\">\n\t\t\t\t\t\t<span class=\"elementor-button-content-wrapper\">\n\t\t\t\t\t\t<span class=\"elementor-button-icon\">\n\t\t\t\t<i aria-hidden=\"true\" class=\"jki jki-whatsapp-1-light\"><\/i>\t\t\t<\/span>\n\t\t\t\t\t\t\t\t\t<span class=\"elementor-button-text\">SOLICITAR UNA CITA<\/span>\n\t\t\t\t\t<\/span>\n\t\t\t\t\t<\/a>\n\t\t\t\t<\/div>\n\t\t\t\t\t\t\t\t<\/div>\n\t\t\t\t<\/div>\n\t\t\t\t\t<\/div>\n\t\t<\/div>\n\t\t\t\t\t<\/div>\n\t\t<\/section>\n\t\t\t\t<section class=\"elementor-section elementor-top-section elementor-element elementor-element-10d37f2d elementor-section-content-middle elementor-section-boxed elementor-section-height-default elementor-section-height-default\" data-id=\"10d37f2d\" data-element_type=\"section\">\n\t\t\t\t\t\t\t<div class=\"elementor-background-overlay\"><\/div>\n\t\t\t\t\t\t\t<div class=\"elementor-container elementor-column-gap-default\">\n\t\t\t\t\t<div class=\"elementor-column elementor-col-50 elementor-top-column elementor-element elementor-element-4f3c4be7 elementor-hidden-phone\" data-id=\"4f3c4be7\" data-element_type=\"column\">\n\t\t\t<div class=\"elementor-widget-wrap elementor-element-populated\">\n\t\t\t\t\t\t<div class=\"elementor-element elementor-element-12d12901 elementor-widget elementor-widget-image\" data-id=\"12d12901\" data-element_type=\"widget\" data-widget_type=\"image.default\">\n\t\t\t\t<div class=\"elementor-widget-container\">\n\t\t\t\t\t\t\t\t\t\t\t\t\t\t\t<img fetchpriority=\"high\" decoding=\"async\" width=\"1023\" height=\"1536\" src=\"https:\/\/myclinic.com.mx\/aesthetic\/wp-content\/uploads\/2024\/08\/remodelamiento-de-labios.webp\" class=\"attachment-full size-full wp-image-514\" alt=\"\" srcset=\"https:\/\/myclinic.com.mx\/aesthetic\/wp-content\/uploads\/2024\/08\/remodelamiento-de-labios.webp 1023w, https:\/\/myclinic.com.mx\/aesthetic\/wp-content\/uploads\/2024\/08\/remodelamiento-de-labios-200x300.webp 200w, https:\/\/myclinic.com.mx\/aesthetic\/wp-content\/uploads\/2024\/08\/remodelamiento-de-labios-682x1024.webp 682w, https:\/\/myclinic.com.mx\/aesthetic\/wp-content\/uploads\/2024\/08\/remodelamiento-de-labios-768x1153.webp 768w\" sizes=\"(max-width: 1023px) 100vw, 1023px\" \/>\t\t\t\t\t\t\t\t\t\t\t\t\t\t\t<\/div>\n\t\t\t\t<\/div>\n\t\t\t\t\t<\/div>\n\t\t<\/div>\n\t\t\t\t<div class=\"elementor-column elementor-col-50 elementor-top-column elementor-element elementor-element-440c738c\" data-id=\"440c738c\" data-element_type=\"column\">\n\t\t\t<div class=\"elementor-widget-wrap elementor-element-populated\">\n\t\t\t\t\t\t<div class=\"elementor-element elementor-element-2b5548cc elementor-widget elementor-widget-text-editor\" data-id=\"2b5548cc\" data-element_type=\"widget\" data-widget_type=\"text-editor.default\">\n\t\t\t\t<div class=\"elementor-widget-container\">\n\t\t\t\t\t\t\t\t\t<p>Con el paso de los a\u00f1os el volumen de los labios se pierde, sobre todo el del labio superior, vi\u00e9ndose una retracci\u00f3n del mismo. El efecto del envejecimiento en la cara provoca una p\u00e9rdida de volumen generalizada, que en el caso de los labios aparecen con p\u00e9rdida de curvatura y proyecci\u00f3n. M\u00e1s evidente en el labio superior, que pierde la relaci\u00f3n de volumen que tiene con respecto al labio inferior.<\/p><p>El aumento de labios es un procedimiento que mejora la apariencia de los labios (forma o volumen) mediante la inyecci\u00f3n de un material de relleno que puede ser absorbible (para un efecto temporal) o no absorbible (para un efecto duradero).<\/p><h3>\u00bfQu\u00e9 problemas resuelve el aumento de labios?<\/h3><p>Las personas que desean mejorar la apariencia de sus labios, deshacerse de las arrugas que se desarrollan a su alrededor con el tiempo o detener su adelgazamiento son los candidatos ideales.<\/p><p>\u2022 Hidrataci\u00f3n.<br \/>\u2022 Volumen.<br \/>\u2022 Perfilado.<br \/>\u2022 Marcaje arco de cupido.<br \/>\u2022 Suavizar arrugas.<br \/>\u2022 Corregir asimetr\u00edas.<\/p>\t\t\t\t\t\t\t\t<\/div>\n\t\t\t\t<\/div>\n\t\t\t\t<div class=\"elementor-element elementor-element-2c307080 elementor-widget elementor-widget-button\" data-id=\"2c307080\" data-element_type=\"widget\" data-widget_type=\"button.default\">\n\t\t\t\t<div class=\"elementor-widget-container\">\n\t\t\t\t\t\t\t\t\t<div class=\"elementor-button-wrapper\">\n\t\t\t\t\t<a class=\"elementor-button elementor-button-link elementor-size-sm\" href=\"https:\/\/myclinic.com.mx\/aesthetic\/contacto\">\n\t\t\t\t\t\t<span class=\"elementor-button-content-wrapper\">\n\t\t\t\t\t\t<span class=\"elementor-button-icon\">\n\t\t\t\t<i aria-hidden=\"true\" class=\"jki jki-envelope-light\"><\/i>\t\t\t<\/span>\n\t\t\t\t\t\t\t\t\t<span class=\"elementor-button-text\">CONTACTAR<\/span>\n\t\t\t\t\t<\/span>\n\t\t\t\t\t<\/a>\n\t\t\t\t<\/div>\n\t\t\t\t\t\t\t\t<\/div>\n\t\t\t\t<\/div>\n\t\t\t\t\t<\/div>\n\t\t<\/div>\n\t\t\t\t\t<\/div>\n\t\t<\/section>\n\t\t\t\t<\/div>\n\t\t","protected":false},"excerpt":{"rendered":"<p>Reservar una cita Env\u00edanos tus datos para ponernos en contacto. Contactar My Clinic Aesthetic Remodelaci\u00f3n de labios con o sin aumento con \u00e1cido Hialur\u00f3nico Belotero \u00bfQu\u00e9 tratamientos se pueden hacer en los labios? El relleno y perfilado de labios con \u00e1cido hialur\u00f3nico es un procedimiento est\u00e9tico no quir\u00fargico id\u00f3neo para mejorar la apariencia y armon\u00eda [&hellip;]<\/p>\n","protected":false},"author":1,"featured_media":0,"parent":0,"menu_order":0,"comment_status":"closed","ping_status":"closed","template":"elementor_header_footer","meta":{"footnotes":""},"class_list":["post-505","page","type-page","status-publish","hentry"],"_links":{"self":[{"href":"https:\/\/myclinic.com.mx\/aesthetic\/wp-json\/wp\/v2\/pages\/505","targetHints":{"allow":["GET"]}}],"collection":[{"href":"https:\/\/myclinic.com.mx\/aesthetic\/wp-json\/wp\/v2\/pages"}],"about":[{"href":"https:\/\/myclinic.com.mx\/aesthetic\/wp-json\/wp\/v2\/types\/page"}],"author":[{"embeddable":true,"href":"https:\/\/myclinic.com.mx\/aesthetic\/wp-json\/wp\/v2\/users\/1"}],"replies":[{"embeddable":true,"href":"https:\/\/myclinic.com.mx\/aesthetic\/wp-json\/wp\/v2\/comments?post=505"}],"version-history":[{"count":10,"href":"https:\/\/myclinic.com.mx\/aesthetic\/wp-json\/wp\/v2\/pages\/505\/revisions"}],"predecessor-version":[{"id":517,"href":"https:\/\/myclinic.com.mx\/aesthetic\/wp-json\/wp\/v2\/pages\/505\/revisions\/517"}],"wp:attachment":[{"href":"https:\/\/myclinic.com.mx\/aesthetic\/wp-json\/wp\/v2\/media?parent=505"}],"curies":[{"name":"wp","href":"https:\/\/api.w.org\/{rel}","templated":true}]}}