{"id":480,"date":"2024-08-26T05:15:00","date_gmt":"2024-08-26T05:15:00","guid":{"rendered":"https:\/\/myclinic.com.mx\/aesthetic\/?page_id=480"},"modified":"2024-08-26T05:36:53","modified_gmt":"2024-08-26T05:36:53","slug":"eliminacion-de-manchas","status":"publish","type":"page","link":"https:\/\/myclinic.com.mx\/aesthetic\/eliminacion-de-manchas\/","title":{"rendered":"Eliminaci\u00f3n de manchas"},"content":{"rendered":"\t\t<div data-elementor-type=\"wp-page\" data-elementor-id=\"480\" class=\"elementor elementor-480\" data-elementor-post-type=\"page\">\n\t\t\t\t\t\t<section class=\"elementor-section elementor-top-section elementor-element elementor-element-4d4bc052 elementor-section-full_width elementor-section-height-default elementor-section-height-default\" data-id=\"4d4bc052\" data-element_type=\"section\" data-settings=\"{&quot;background_background&quot;:&quot;classic&quot;}\">\n\t\t\t\t\t\t<div class=\"elementor-container elementor-column-gap-no\">\n\t\t\t\t\t<div class=\"elementor-column elementor-col-50 elementor-top-column elementor-element elementor-element-42d14c35\" data-id=\"42d14c35\" data-element_type=\"column\" data-settings=\"{&quot;background_background&quot;:&quot;classic&quot;}\">\n\t\t\t<div class=\"elementor-widget-wrap elementor-element-populated\">\n\t\t\t\t\t<div class=\"elementor-background-overlay\"><\/div>\n\t\t\t\t\t\t<div class=\"elementor-element elementor-element-4ad81805 elementor-widget elementor-widget-spacer\" data-id=\"4ad81805\" data-element_type=\"widget\" data-widget_type=\"spacer.default\">\n\t\t\t\t<div class=\"elementor-widget-container\">\n\t\t\t\t\t\t\t<div class=\"elementor-spacer\">\n\t\t\t<div class=\"elementor-spacer-inner\"><\/div>\n\t\t<\/div>\n\t\t\t\t\t\t<\/div>\n\t\t\t\t<\/div>\n\t\t\t\t<section class=\"elementor-section elementor-inner-section elementor-element elementor-element-3b089c6a elementor-section-content-bottom elementor-hidden-phone animated-slow elementor-section-boxed elementor-section-height-default elementor-section-height-default elementor-invisible\" data-id=\"3b089c6a\" data-element_type=\"section\" data-settings=\"{&quot;animation&quot;:&quot;fadeInLeft&quot;}\">\n\t\t\t\t\t\t<div class=\"elementor-container elementor-column-gap-default\">\n\t\t\t\t\t<div class=\"elementor-column elementor-col-50 elementor-inner-column elementor-element elementor-element-41ef6767\" data-id=\"41ef6767\" data-element_type=\"column\" data-settings=\"{&quot;background_background&quot;:&quot;classic&quot;}\">\n\t\t\t<div class=\"elementor-widget-wrap elementor-element-populated\">\n\t\t\t\t\t\t<div class=\"elementor-element elementor-element-6b7dff54 elementor-widget elementor-widget-heading\" data-id=\"6b7dff54\" data-element_type=\"widget\" data-widget_type=\"heading.default\">\n\t\t\t\t<div class=\"elementor-widget-container\">\n\t\t\t\t\t<h3 class=\"elementor-heading-title elementor-size-default\">Reservar una cita<\/h3>\t\t\t\t<\/div>\n\t\t\t\t<\/div>\n\t\t\t\t<div class=\"elementor-element elementor-element-12122fec elementor-widget elementor-widget-text-editor\" data-id=\"12122fec\" data-element_type=\"widget\" data-widget_type=\"text-editor.default\">\n\t\t\t\t<div class=\"elementor-widget-container\">\n\t\t\t\t\t\t\t\t\tEnv\u00edanos tus datos para ponernos en contacto.\t\t\t\t\t\t\t\t<\/div>\n\t\t\t\t<\/div>\n\t\t\t\t<div class=\"elementor-element elementor-element-2d525de4 elementor-widget elementor-widget-button\" data-id=\"2d525de4\" data-element_type=\"widget\" data-widget_type=\"button.default\">\n\t\t\t\t<div class=\"elementor-widget-container\">\n\t\t\t\t\t\t\t\t\t<div class=\"elementor-button-wrapper\">\n\t\t\t\t\t<a class=\"elementor-button elementor-button-link elementor-size-sm elementor-animation-float\" href=\"https:\/\/myclinic.com.mx\/aesthetic\/contacto\">\n\t\t\t\t\t\t<span class=\"elementor-button-content-wrapper\">\n\t\t\t\t\t\t<span class=\"elementor-button-icon\">\n\t\t\t\t<svg aria-hidden=\"true\" class=\"e-font-icon-svg e-fas-arrow-right\" viewBox=\"0 0 448 512\" xmlns=\"http:\/\/www.w3.org\/2000\/svg\"><path d=\"M190.5 66.9l22.2-22.2c9.4-9.4 24.6-9.4 33.9 0L441 239c9.4 9.4 9.4 24.6 0 33.9L246.6 467.3c-9.4 9.4-24.6 9.4-33.9 0l-22.2-22.2c-9.5-9.5-9.3-25 .4-34.3L311.4 296H24c-13.3 0-24-10.7-24-24v-32c0-13.3 10.7-24 24-24h287.4L190.9 101.2c-9.8-9.3-10-24.8-.4-34.3z\"><\/path><\/svg>\t\t\t<\/span>\n\t\t\t\t\t\t\t\t\t<span class=\"elementor-button-text\">Contactar<\/span>\n\t\t\t\t\t<\/span>\n\t\t\t\t\t<\/a>\n\t\t\t\t<\/div>\n\t\t\t\t\t\t\t\t<\/div>\n\t\t\t\t<\/div>\n\t\t\t\t\t<\/div>\n\t\t<\/div>\n\t\t\t\t<div class=\"elementor-column elementor-col-50 elementor-inner-column elementor-element elementor-element-7caa47c8\" data-id=\"7caa47c8\" data-element_type=\"column\">\n\t\t\t<div class=\"elementor-widget-wrap\">\n\t\t\t\t\t\t\t<\/div>\n\t\t<\/div>\n\t\t\t\t\t<\/div>\n\t\t<\/section>\n\t\t\t\t\t<\/div>\n\t\t<\/div>\n\t\t\t\t<div class=\"elementor-column elementor-col-50 elementor-top-column elementor-element elementor-element-41078d8b\" data-id=\"41078d8b\" data-element_type=\"column\" data-settings=\"{&quot;background_background&quot;:&quot;gradient&quot;}\">\n\t\t\t<div class=\"elementor-widget-wrap elementor-element-populated\">\n\t\t\t\t\t<div class=\"elementor-background-overlay\"><\/div>\n\t\t\t\t\t\t<div class=\"elementor-element elementor-element-64b5ba2b animated-slow elementor-invisible elementor-widget elementor-widget-heading\" data-id=\"64b5ba2b\" data-element_type=\"widget\" data-settings=\"{&quot;_animation&quot;:&quot;fadeInLeft&quot;}\" data-widget_type=\"heading.default\">\n\t\t\t\t<div class=\"elementor-widget-container\">\n\t\t\t\t\t<h5 class=\"elementor-heading-title elementor-size-default\">My Clinic Aesthetic<\/h5>\t\t\t\t<\/div>\n\t\t\t\t<\/div>\n\t\t\t\t<div class=\"elementor-element elementor-element-6676cf74 elementor-widget elementor-widget-heading\" data-id=\"6676cf74\" data-element_type=\"widget\" data-widget_type=\"heading.default\">\n\t\t\t\t<div class=\"elementor-widget-container\">\n\t\t\t\t\t<h2 class=\"elementor-heading-title elementor-size-default\">Eliminaci\u00f3n de manchas<\/h2>\t\t\t\t<\/div>\n\t\t\t\t<\/div>\n\t\t\t\t<div class=\"elementor-element elementor-element-214100a7 elementor-widget elementor-widget-text-editor\" data-id=\"214100a7\" data-element_type=\"widget\" data-widget_type=\"text-editor.default\">\n\t\t\t\t<div class=\"elementor-widget-container\">\n\t\t\t\t\t\t\t\t\t<p>Hollywood Peel es un tratamiento l\u00e1ser de manchas es una tecnolog\u00eda que utilizamos en multitud de tratamientos de medicina est\u00e9tica para eliminar manchas \/ l\u00e9ntigos solares en la piel, reducir enrojecimiento facial, controlar brotes de acn\u00e9 inflamatorio, reducir la inflamaci\u00f3n de la piel, ayudar en el tratamiento de rojeces, cuperosis, telangectasias, otros.<\/p><p>Adem\u00e1s para inducir la estimulaci\u00f3n de col\u00e1geno. Es un tratamiento estrella para conseguir un fotorejuvenecimiento de tu piel.<\/p>\t\t\t\t\t\t\t\t<\/div>\n\t\t\t\t<\/div>\n\t\t\t\t<div class=\"elementor-element elementor-element-308cfa06 elementor-align-left elementor-mobile-align-left elementor-widget elementor-widget-button\" data-id=\"308cfa06\" data-element_type=\"widget\" data-widget_type=\"button.default\">\n\t\t\t\t<div class=\"elementor-widget-container\">\n\t\t\t\t\t\t\t\t\t<div class=\"elementor-button-wrapper\">\n\t\t\t\t\t<a class=\"elementor-button elementor-button-link elementor-size-sm elementor-animation-float\" href=\"https:\/\/wa.link\/ei8qkz\" target=\"_blank\">\n\t\t\t\t\t\t<span class=\"elementor-button-content-wrapper\">\n\t\t\t\t\t\t<span class=\"elementor-button-icon\">\n\t\t\t\t<i aria-hidden=\"true\" class=\"jki jki-whatsapp-1-light\"><\/i>\t\t\t<\/span>\n\t\t\t\t\t\t\t\t\t<span class=\"elementor-button-text\">SOLICITAR UNA CITA<\/span>\n\t\t\t\t\t<\/span>\n\t\t\t\t\t<\/a>\n\t\t\t\t<\/div>\n\t\t\t\t\t\t\t\t<\/div>\n\t\t\t\t<\/div>\n\t\t\t\t\t<\/div>\n\t\t<\/div>\n\t\t\t\t\t<\/div>\n\t\t<\/section>\n\t\t\t\t<section class=\"elementor-section elementor-top-section elementor-element elementor-element-72226be1 elementor-section-content-middle elementor-section-boxed elementor-section-height-default elementor-section-height-default\" data-id=\"72226be1\" data-element_type=\"section\">\n\t\t\t\t\t\t\t<div class=\"elementor-background-overlay\"><\/div>\n\t\t\t\t\t\t\t<div class=\"elementor-container elementor-column-gap-default\">\n\t\t\t\t\t<div class=\"elementor-column elementor-col-50 elementor-top-column elementor-element elementor-element-78f05a69 elementor-hidden-phone\" data-id=\"78f05a69\" data-element_type=\"column\">\n\t\t\t<div class=\"elementor-widget-wrap elementor-element-populated\">\n\t\t\t\t\t\t<div class=\"elementor-element elementor-element-24ac5218 elementor-widget elementor-widget-image\" data-id=\"24ac5218\" data-element_type=\"widget\" data-widget_type=\"image.default\">\n\t\t\t\t<div class=\"elementor-widget-container\">\n\t\t\t\t\t\t\t\t\t\t\t\t\t\t\t<img fetchpriority=\"high\" decoding=\"async\" width=\"1067\" height=\"1600\" src=\"https:\/\/myclinic.com.mx\/aesthetic\/wp-content\/uploads\/2024\/08\/eliminacion-de-manchas-1.jpg\" class=\"attachment-full size-full wp-image-489\" alt=\"\" srcset=\"https:\/\/myclinic.com.mx\/aesthetic\/wp-content\/uploads\/2024\/08\/eliminacion-de-manchas-1.jpg 1067w, https:\/\/myclinic.com.mx\/aesthetic\/wp-content\/uploads\/2024\/08\/eliminacion-de-manchas-1-200x300.jpg 200w, https:\/\/myclinic.com.mx\/aesthetic\/wp-content\/uploads\/2024\/08\/eliminacion-de-manchas-1-683x1024.jpg 683w, https:\/\/myclinic.com.mx\/aesthetic\/wp-content\/uploads\/2024\/08\/eliminacion-de-manchas-1-768x1152.jpg 768w, https:\/\/myclinic.com.mx\/aesthetic\/wp-content\/uploads\/2024\/08\/eliminacion-de-manchas-1-1024x1536.jpg 1024w\" sizes=\"(max-width: 1067px) 100vw, 1067px\" \/>\t\t\t\t\t\t\t\t\t\t\t\t\t\t\t<\/div>\n\t\t\t\t<\/div>\n\t\t\t\t\t<\/div>\n\t\t<\/div>\n\t\t\t\t<div class=\"elementor-column elementor-col-50 elementor-top-column elementor-element elementor-element-1818772f\" data-id=\"1818772f\" data-element_type=\"column\">\n\t\t\t<div class=\"elementor-widget-wrap elementor-element-populated\">\n\t\t\t\t\t\t<div class=\"elementor-element elementor-element-e98f191 elementor-widget elementor-widget-heading\" data-id=\"e98f191\" data-element_type=\"widget\" data-widget_type=\"heading.default\">\n\t\t\t\t<div class=\"elementor-widget-container\">\n\t\t\t\t\t<h2 class=\"elementor-heading-title elementor-size-default\">\u00bfQu\u00e9 es el Hollywood Peel?<\/h2>\t\t\t\t<\/div>\n\t\t\t\t<\/div>\n\t\t\t\t<div class=\"elementor-element elementor-element-6c0d7f82 elementor-widget elementor-widget-text-editor\" data-id=\"6c0d7f82\" data-element_type=\"widget\" data-widget_type=\"text-editor.default\">\n\t\t\t\t<div class=\"elementor-widget-container\">\n\t\t\t\t\t\t\t\t\t<p>Este tratamiento est\u00e9tico se ha convertido en el favorito de celebrities como Angelina Jolie y las Kardashian. El fanatismo de estas \u00faltimas por dicha t\u00e9cnica es bien conocido, y es que sin lugar a duda, se trata de una t\u00e9cnica fabulosa que ofrece uno de los mejores resultados en cuanto a rejuvenecimiento facial se refiere.<\/p><p>Es un procedimiento no doloroso y r\u00e1pido que mejora la calidad de la piel, adem\u00e1s de ser seguro y efectivo. Lo mejor, es que se puede hacer en todos <strong>los tipos de piel.<\/strong><\/p><p>Consiste en aplicar en primer lugar una fina capa de carb\u00f3n activo sobre el rostro, dej\u00e1ndolo actuar para que se absorba, posteriormente se trabaja con el puntero espec\u00edfico para este tipo de tratamiento, emitiendo luz l\u00e1ser sobre el carbono, que es vaporizado eliminando todas las c\u00e9lulas muertas al instante.<\/p><p>Finalmente, se repite el proceso, esta vez ya, sin mascarilla consiguiendo elevar la temperatura favoreciendo as\u00ed la estimulaci\u00f3n de col\u00e1geno.<\/p><h3>\u00bfPara qui\u00e9n est\u00e1 indicado este tratamiento?<\/h3><p>Proporciona un rejuvenecimiento del rostro, cuello, escote y manos, y otras \u00e1reas, mejorando de manera global la calidad de la piel.<\/p><p>El tratamiento con Luz Pulsada Intensa (IPL) o tratamiento l\u00e1ser de manchas es apto para cualquier persona que desee mejorar su piel y la calidad de esta, aportando mayor luminosidad, uniformidad y elasticidad.<\/p><p>Ideal en pacientes con fotoenvejecimiento o envejecimiento prematuro, pacientes con acn\u00e9, pacientes que sufren de ros\u00e1cea y\/o cuperosis, y aquellos con piel opaca o desvitalizada.<\/p>\t\t\t\t\t\t\t\t<\/div>\n\t\t\t\t<\/div>\n\t\t\t\t<div class=\"elementor-element elementor-element-68e3eada elementor-widget elementor-widget-button\" data-id=\"68e3eada\" data-element_type=\"widget\" data-widget_type=\"button.default\">\n\t\t\t\t<div class=\"elementor-widget-container\">\n\t\t\t\t\t\t\t\t\t<div class=\"elementor-button-wrapper\">\n\t\t\t\t\t<a class=\"elementor-button elementor-button-link elementor-size-sm\" href=\"https:\/\/myclinic.com.mx\/aesthetic\/contacto\">\n\t\t\t\t\t\t<span class=\"elementor-button-content-wrapper\">\n\t\t\t\t\t\t<span class=\"elementor-button-icon\">\n\t\t\t\t<i aria-hidden=\"true\" class=\"jki jki-envelope-light\"><\/i>\t\t\t<\/span>\n\t\t\t\t\t\t\t\t\t<span class=\"elementor-button-text\">CONTACTAR<\/span>\n\t\t\t\t\t<\/span>\n\t\t\t\t\t<\/a>\n\t\t\t\t<\/div>\n\t\t\t\t\t\t\t\t<\/div>\n\t\t\t\t<\/div>\n\t\t\t\t\t<\/div>\n\t\t<\/div>\n\t\t\t\t\t<\/div>\n\t\t<\/section>\n\t\t\t\t<\/div>\n\t\t","protected":false},"excerpt":{"rendered":"<p>Reservar una cita Env\u00edanos tus datos para ponernos en contacto. Contactar My Clinic Aesthetic Eliminaci\u00f3n de manchas Hollywood Peel es un tratamiento l\u00e1ser de manchas es una tecnolog\u00eda que utilizamos en multitud de tratamientos de medicina est\u00e9tica para eliminar manchas \/ l\u00e9ntigos solares en la piel, reducir enrojecimiento facial, controlar brotes de acn\u00e9 inflamatorio, reducir [&hellip;]<\/p>\n","protected":false},"author":1,"featured_media":0,"parent":0,"menu_order":0,"comment_status":"closed","ping_status":"closed","template":"elementor_header_footer","meta":{"footnotes":""},"class_list":["post-480","page","type-page","status-publish","hentry"],"_links":{"self":[{"href":"https:\/\/myclinic.com.mx\/aesthetic\/wp-json\/wp\/v2\/pages\/480","targetHints":{"allow":["GET"]}}],"collection":[{"href":"https:\/\/myclinic.com.mx\/aesthetic\/wp-json\/wp\/v2\/pages"}],"about":[{"href":"https:\/\/myclinic.com.mx\/aesthetic\/wp-json\/wp\/v2\/types\/page"}],"author":[{"embeddable":true,"href":"https:\/\/myclinic.com.mx\/aesthetic\/wp-json\/wp\/v2\/users\/1"}],"replies":[{"embeddable":true,"href":"https:\/\/myclinic.com.mx\/aesthetic\/wp-json\/wp\/v2\/comments?post=480"}],"version-history":[{"count":13,"href":"https:\/\/myclinic.com.mx\/aesthetic\/wp-json\/wp\/v2\/pages\/480\/revisions"}],"predecessor-version":[{"id":495,"href":"https:\/\/myclinic.com.mx\/aesthetic\/wp-json\/wp\/v2\/pages\/480\/revisions\/495"}],"wp:attachment":[{"href":"https:\/\/myclinic.com.mx\/aesthetic\/wp-json\/wp\/v2\/media?parent=480"}],"curies":[{"name":"wp","href":"https:\/\/api.w.org\/{rel}","templated":true}]}}