{"id":417,"date":"2024-08-26T03:30:05","date_gmt":"2024-08-26T03:30:05","guid":{"rendered":"https:\/\/myclinic.com.mx\/aesthetic\/?page_id=417"},"modified":"2024-08-26T04:48:02","modified_gmt":"2024-08-26T04:48:02","slug":"lifting-facial","status":"publish","type":"page","link":"https:\/\/myclinic.com.mx\/aesthetic\/lifting-facial\/","title":{"rendered":"Lifting Facial"},"content":{"rendered":"\t\t<div data-elementor-type=\"wp-page\" data-elementor-id=\"417\" class=\"elementor elementor-417\" data-elementor-post-type=\"page\">\n\t\t\t\t\t\t<section class=\"elementor-section elementor-top-section elementor-element elementor-element-14f0357f elementor-section-full_width elementor-section-height-default elementor-section-height-default\" data-id=\"14f0357f\" data-element_type=\"section\" data-settings=\"{&quot;background_background&quot;:&quot;classic&quot;}\">\n\t\t\t\t\t\t<div class=\"elementor-container elementor-column-gap-no\">\n\t\t\t\t\t<div class=\"elementor-column elementor-col-50 elementor-top-column elementor-element elementor-element-53c15a17\" data-id=\"53c15a17\" data-element_type=\"column\" data-settings=\"{&quot;background_background&quot;:&quot;classic&quot;}\">\n\t\t\t<div class=\"elementor-widget-wrap elementor-element-populated\">\n\t\t\t\t\t<div class=\"elementor-background-overlay\"><\/div>\n\t\t\t\t\t\t<div class=\"elementor-element elementor-element-4b2bce31 elementor-widget elementor-widget-spacer\" data-id=\"4b2bce31\" data-element_type=\"widget\" data-widget_type=\"spacer.default\">\n\t\t\t\t<div class=\"elementor-widget-container\">\n\t\t\t\t\t\t\t<div class=\"elementor-spacer\">\n\t\t\t<div class=\"elementor-spacer-inner\"><\/div>\n\t\t<\/div>\n\t\t\t\t\t\t<\/div>\n\t\t\t\t<\/div>\n\t\t\t\t<section class=\"elementor-section elementor-inner-section elementor-element elementor-element-77d56002 elementor-section-content-bottom elementor-hidden-phone animated-slow elementor-section-boxed elementor-section-height-default elementor-section-height-default elementor-invisible\" data-id=\"77d56002\" data-element_type=\"section\" data-settings=\"{&quot;animation&quot;:&quot;fadeInLeft&quot;}\">\n\t\t\t\t\t\t<div class=\"elementor-container elementor-column-gap-default\">\n\t\t\t\t\t<div class=\"elementor-column elementor-col-50 elementor-inner-column elementor-element elementor-element-39d15e86\" data-id=\"39d15e86\" data-element_type=\"column\" data-settings=\"{&quot;background_background&quot;:&quot;classic&quot;}\">\n\t\t\t<div class=\"elementor-widget-wrap elementor-element-populated\">\n\t\t\t\t\t\t<div class=\"elementor-element elementor-element-31ac760b elementor-widget elementor-widget-heading\" data-id=\"31ac760b\" data-element_type=\"widget\" data-widget_type=\"heading.default\">\n\t\t\t\t<div class=\"elementor-widget-container\">\n\t\t\t\t\t<h3 class=\"elementor-heading-title elementor-size-default\">Reservar una cita<\/h3>\t\t\t\t<\/div>\n\t\t\t\t<\/div>\n\t\t\t\t<div class=\"elementor-element elementor-element-4fb7afac elementor-widget elementor-widget-text-editor\" data-id=\"4fb7afac\" data-element_type=\"widget\" data-widget_type=\"text-editor.default\">\n\t\t\t\t<div class=\"elementor-widget-container\">\n\t\t\t\t\t\t\t\t\tEnv\u00edanos tus datos para ponernos en contacto.\t\t\t\t\t\t\t\t<\/div>\n\t\t\t\t<\/div>\n\t\t\t\t<div class=\"elementor-element elementor-element-2e28bd72 elementor-widget elementor-widget-button\" data-id=\"2e28bd72\" data-element_type=\"widget\" data-widget_type=\"button.default\">\n\t\t\t\t<div class=\"elementor-widget-container\">\n\t\t\t\t\t\t\t\t\t<div class=\"elementor-button-wrapper\">\n\t\t\t\t\t<a class=\"elementor-button elementor-button-link elementor-size-sm elementor-animation-float\" href=\"https:\/\/myclinic.com.mx\/aesthetic\/contacto\">\n\t\t\t\t\t\t<span class=\"elementor-button-content-wrapper\">\n\t\t\t\t\t\t<span class=\"elementor-button-icon\">\n\t\t\t\t<svg aria-hidden=\"true\" class=\"e-font-icon-svg e-fas-arrow-right\" viewBox=\"0 0 448 512\" xmlns=\"http:\/\/www.w3.org\/2000\/svg\"><path d=\"M190.5 66.9l22.2-22.2c9.4-9.4 24.6-9.4 33.9 0L441 239c9.4 9.4 9.4 24.6 0 33.9L246.6 467.3c-9.4 9.4-24.6 9.4-33.9 0l-22.2-22.2c-9.5-9.5-9.3-25 .4-34.3L311.4 296H24c-13.3 0-24-10.7-24-24v-32c0-13.3 10.7-24 24-24h287.4L190.9 101.2c-9.8-9.3-10-24.8-.4-34.3z\"><\/path><\/svg>\t\t\t<\/span>\n\t\t\t\t\t\t\t\t\t<span class=\"elementor-button-text\">Contactar<\/span>\n\t\t\t\t\t<\/span>\n\t\t\t\t\t<\/a>\n\t\t\t\t<\/div>\n\t\t\t\t\t\t\t\t<\/div>\n\t\t\t\t<\/div>\n\t\t\t\t\t<\/div>\n\t\t<\/div>\n\t\t\t\t<div class=\"elementor-column elementor-col-50 elementor-inner-column elementor-element elementor-element-6a909790\" data-id=\"6a909790\" data-element_type=\"column\">\n\t\t\t<div class=\"elementor-widget-wrap\">\n\t\t\t\t\t\t\t<\/div>\n\t\t<\/div>\n\t\t\t\t\t<\/div>\n\t\t<\/section>\n\t\t\t\t\t<\/div>\n\t\t<\/div>\n\t\t\t\t<div class=\"elementor-column elementor-col-50 elementor-top-column elementor-element elementor-element-45853160\" data-id=\"45853160\" data-element_type=\"column\" data-settings=\"{&quot;background_background&quot;:&quot;gradient&quot;}\">\n\t\t\t<div class=\"elementor-widget-wrap elementor-element-populated\">\n\t\t\t\t\t<div class=\"elementor-background-overlay\"><\/div>\n\t\t\t\t\t\t<div class=\"elementor-element elementor-element-609b4ae8 animated-slow elementor-invisible elementor-widget elementor-widget-heading\" data-id=\"609b4ae8\" data-element_type=\"widget\" data-settings=\"{&quot;_animation&quot;:&quot;fadeInLeft&quot;}\" data-widget_type=\"heading.default\">\n\t\t\t\t<div class=\"elementor-widget-container\">\n\t\t\t\t\t<h5 class=\"elementor-heading-title elementor-size-default\">My Clinic Aesthetic<\/h5>\t\t\t\t<\/div>\n\t\t\t\t<\/div>\n\t\t\t\t<div class=\"elementor-element elementor-element-7938379f elementor-widget elementor-widget-heading\" data-id=\"7938379f\" data-element_type=\"widget\" data-widget_type=\"heading.default\">\n\t\t\t\t<div class=\"elementor-widget-container\">\n\t\t\t\t\t<h2 class=\"elementor-heading-title elementor-size-default\">Lifting facial sin\ncirugia<\/h2>\t\t\t\t<\/div>\n\t\t\t\t<\/div>\n\t\t\t\t<div class=\"elementor-element elementor-element-10e3b707 elementor-widget elementor-widget-text-editor\" data-id=\"10e3b707\" data-element_type=\"widget\" data-widget_type=\"text-editor.default\">\n\t\t\t\t<div class=\"elementor-widget-container\">\n\t\t\t\t\t\t\t\t\t<p>El Lifting facial sin cirug\u00eda es posible con la actual tecnolog\u00eda y tratameintos.<\/p><p>Ya no es necesario pasar por el quir\u00f3fano para algunos tratamientos est\u00e9ticos.<\/p><p>El lifting facial sin cirug\u00eda, tambi\u00e9n conocido como lifting facial no quir\u00fargico, es un conjunto de procedimientos y tratamientos est\u00e9ticos destinados a<br \/>rejuvenecer y mejorar la apariencia del rostro sin la necesidad de realizar una cirug\u00eda invasiva.<\/p><p>Estos procedimientos suelen ser menos invasivos, m\u00e1s r\u00e1pidos y con un tiempo de recuperaci\u00f3n m\u00ednimo en comparaci\u00f3n con el lifting facial tradicional.<\/p>\t\t\t\t\t\t\t\t<\/div>\n\t\t\t\t<\/div>\n\t\t\t\t<div class=\"elementor-element elementor-element-65023988 elementor-align-left elementor-mobile-align-left elementor-widget elementor-widget-button\" data-id=\"65023988\" data-element_type=\"widget\" data-widget_type=\"button.default\">\n\t\t\t\t<div class=\"elementor-widget-container\">\n\t\t\t\t\t\t\t\t\t<div class=\"elementor-button-wrapper\">\n\t\t\t\t\t<a class=\"elementor-button elementor-button-link elementor-size-sm elementor-animation-float\" href=\"https:\/\/wa.link\/ei8qkz\" target=\"_blank\">\n\t\t\t\t\t\t<span class=\"elementor-button-content-wrapper\">\n\t\t\t\t\t\t<span class=\"elementor-button-icon\">\n\t\t\t\t<i aria-hidden=\"true\" class=\"jki jki-whatsapp-1-light\"><\/i>\t\t\t<\/span>\n\t\t\t\t\t\t\t\t\t<span class=\"elementor-button-text\">SOLICITAR UNA CITA<\/span>\n\t\t\t\t\t<\/span>\n\t\t\t\t\t<\/a>\n\t\t\t\t<\/div>\n\t\t\t\t\t\t\t\t<\/div>\n\t\t\t\t<\/div>\n\t\t\t\t\t<\/div>\n\t\t<\/div>\n\t\t\t\t\t<\/div>\n\t\t<\/section>\n\t\t\t\t<section class=\"elementor-section elementor-top-section elementor-element elementor-element-73418d0b elementor-section-content-middle elementor-section-boxed elementor-section-height-default elementor-section-height-default\" data-id=\"73418d0b\" data-element_type=\"section\">\n\t\t\t\t\t\t\t<div class=\"elementor-background-overlay\"><\/div>\n\t\t\t\t\t\t\t<div class=\"elementor-container elementor-column-gap-default\">\n\t\t\t\t\t<div class=\"elementor-column elementor-col-50 elementor-top-column elementor-element elementor-element-39dbc911 elementor-hidden-phone\" data-id=\"39dbc911\" data-element_type=\"column\">\n\t\t\t<div class=\"elementor-widget-wrap elementor-element-populated\">\n\t\t\t\t\t\t<div class=\"elementor-element elementor-element-3a2551ec elementor-widget elementor-widget-image\" data-id=\"3a2551ec\" data-element_type=\"widget\" data-widget_type=\"image.default\">\n\t\t\t\t<div class=\"elementor-widget-container\">\n\t\t\t\t\t\t\t\t\t\t\t\t\t\t\t<img fetchpriority=\"high\" decoding=\"async\" width=\"665\" height=\"1024\" src=\"https:\/\/myclinic.com.mx\/aesthetic\/wp-content\/uploads\/2024\/08\/botox-myclinic-aesthetic.webp\" class=\"attachment-full size-full wp-image-442\" alt=\"\" srcset=\"https:\/\/myclinic.com.mx\/aesthetic\/wp-content\/uploads\/2024\/08\/botox-myclinic-aesthetic.webp 665w, https:\/\/myclinic.com.mx\/aesthetic\/wp-content\/uploads\/2024\/08\/botox-myclinic-aesthetic-195x300.webp 195w\" sizes=\"(max-width: 665px) 100vw, 665px\" \/>\t\t\t\t\t\t\t\t\t\t\t\t\t\t\t<\/div>\n\t\t\t\t<\/div>\n\t\t\t\t\t<\/div>\n\t\t<\/div>\n\t\t\t\t<div class=\"elementor-column elementor-col-50 elementor-top-column elementor-element elementor-element-790aa87b\" data-id=\"790aa87b\" data-element_type=\"column\">\n\t\t\t<div class=\"elementor-widget-wrap elementor-element-populated\">\n\t\t\t\t\t\t<div class=\"elementor-element elementor-element-1e07d549 elementor-widget elementor-widget-heading\" data-id=\"1e07d549\" data-element_type=\"widget\" data-widget_type=\"heading.default\">\n\t\t\t\t<div class=\"elementor-widget-container\">\n\t\t\t\t\t<h2 class=\"elementor-heading-title elementor-size-default\">B\u00f3tox<\/h2>\t\t\t\t<\/div>\n\t\t\t\t<\/div>\n\t\t\t\t<div class=\"elementor-element elementor-element-31bc20b0 elementor-widget elementor-widget-text-editor\" data-id=\"31bc20b0\" data-element_type=\"widget\" data-widget_type=\"text-editor.default\">\n\t\t\t\t<div class=\"elementor-widget-container\">\n\t\t\t\t\t\t\t\t\t<p>Relajante muscular antiarrugas para las arrugas de expresi\u00f3n Con este relajante muscular antiarrugas puedes rejuvenecer sin perder tu expresividad natural.<\/p><p>Consigue un efecto lifting sin cirug\u00eda haciendo desaparecer arrugas con resultados inmediatos.<\/p><h3>\u00bfQu\u00e9 es el relajante muscular antiarrugas?<\/h3><p>Relajante muscular antiarrugas producida por la bacteria Clostridium botulinum. Su inyecci\u00f3n a nivel facial produce la relajaci\u00f3n de la musculatura al perder esta su estimulo. Este efecto es temporal y con el tiempo, esa musculatura recupera su movimiento.<\/p><h3>\u00bfC\u00f3mo es el procedimiento?<\/h3><p>Es un procedimiento r\u00e1pido y sencillo. Su aplicaci\u00f3n se realiza mediante unas inyecciones en los m\u00fasculos precisos sobre los que queremos producir la relajaci\u00f3n, para as\u00ed disminuir su movimiento y atenuar las arrugas.<\/p><p>Es poco doloroso, aun as\u00ed en pacientes m\u00e1s sensibles se puede emplear crema anest\u00e9sica para minimizar aun m\u00e1s el dolor. Tras realizarlo , el paciente se puede incorporar a sus actividades habituales.<\/p>\t\t\t\t\t\t\t\t<\/div>\n\t\t\t\t<\/div>\n\t\t\t\t\t<\/div>\n\t\t<\/div>\n\t\t\t\t\t<\/div>\n\t\t<\/section>\n\t\t\t\t<section class=\"elementor-section elementor-top-section elementor-element elementor-element-2861441 elementor-section-content-middle elementor-section-boxed elementor-section-height-default elementor-section-height-default\" data-id=\"2861441\" data-element_type=\"section\">\n\t\t\t\t\t\t\t<div class=\"elementor-background-overlay\"><\/div>\n\t\t\t\t\t\t\t<div class=\"elementor-container elementor-column-gap-default\">\n\t\t\t\t\t<div class=\"elementor-column elementor-col-50 elementor-top-column elementor-element elementor-element-e7d7ba6 elementor-hidden-phone\" data-id=\"e7d7ba6\" data-element_type=\"column\">\n\t\t\t<div class=\"elementor-widget-wrap elementor-element-populated\">\n\t\t\t\t\t\t<div class=\"elementor-element elementor-element-89452c6 elementor-widget elementor-widget-text-editor\" data-id=\"89452c6\" data-element_type=\"widget\" data-widget_type=\"text-editor.default\">\n\t\t\t\t<div class=\"elementor-widget-container\">\n\t\t\t\t\t\t\t\t\t<ul><li>Rejuvenece tu mirada<\/li><li>Ilumina tu rostro<\/li><li>Aten\u00faa arrugas<\/li><li>Duraci\u00f3n 30\u2019\/sesi\u00f3n<\/li><li>Frecuencia Cada 6 \u2013 12 meses<\/li><li>Recuperaci\u00f3n No necesaria<\/li><li>Resultados Visibles desde la 1\u00aa sesi\u00f3n<\/li><\/ul><h3>-Botox en entrecejo, frente y patas de gallo<\/h3><p>Su aplicaci\u00f3n en la frente lleva a una relajaci\u00f3n del m\u00fasculo frontal, con lo que las arrugas horizontales se atenuaran o desaparecer\u00e1n, seg\u00fan los casos. Para conseguir un efecto natural, no se recomienda paralizar por completo el movimiento del m\u00fasculo frontal.<\/p><p>Su aplicaci\u00f3n en los m\u00fasculos corrugadores y procerus, conlleva un bloqueo muscular a nivel del entrecejo. Esto corrige y previne la aparici\u00f3n de arrugas, sobre todo verticales, a nivel del entrecejo, que con el tiempo pueden ser muy profundas e inesteticas, dando aspecto de mal humor o cansancio al paciente.<\/p><p>La aplicaci\u00f3n conjunta en el tercio superior, esto en frente, patas de gallo y entrecejo, consigue una mirada mas abierta y un aspecto descansado y relajado.<\/p>\t\t\t\t\t\t\t\t<\/div>\n\t\t\t\t<\/div>\n\t\t\t\t\t<\/div>\n\t\t<\/div>\n\t\t\t\t<div class=\"elementor-column elementor-col-50 elementor-top-column elementor-element elementor-element-e2b0df1\" data-id=\"e2b0df1\" data-element_type=\"column\">\n\t\t\t<div class=\"elementor-widget-wrap elementor-element-populated\">\n\t\t\t\t\t\t<div class=\"elementor-element elementor-element-8d88348 elementor-widget elementor-widget-image\" data-id=\"8d88348\" data-element_type=\"widget\" data-widget_type=\"image.default\">\n\t\t\t\t<div class=\"elementor-widget-container\">\n\t\t\t\t\t\t\t\t\t\t\t\t\t\t\t<img decoding=\"async\" width=\"665\" height=\"998\" src=\"https:\/\/myclinic.com.mx\/aesthetic\/wp-content\/uploads\/2024\/08\/Botox-en-entrecejo-frente-y-patas-de-gallo.jpg\" class=\"attachment-full size-full wp-image-446\" alt=\"\" srcset=\"https:\/\/myclinic.com.mx\/aesthetic\/wp-content\/uploads\/2024\/08\/Botox-en-entrecejo-frente-y-patas-de-gallo.jpg 665w, https:\/\/myclinic.com.mx\/aesthetic\/wp-content\/uploads\/2024\/08\/Botox-en-entrecejo-frente-y-patas-de-gallo-200x300.jpg 200w\" sizes=\"(max-width: 665px) 100vw, 665px\" \/>\t\t\t\t\t\t\t\t\t\t\t\t\t\t\t<\/div>\n\t\t\t\t<\/div>\n\t\t\t\t\t<\/div>\n\t\t<\/div>\n\t\t\t\t\t<\/div>\n\t\t<\/section>\n\t\t\t\t<section class=\"elementor-section elementor-top-section elementor-element elementor-element-829bae3 elementor-section-content-middle elementor-section-boxed elementor-section-height-default elementor-section-height-default\" data-id=\"829bae3\" data-element_type=\"section\">\n\t\t\t\t\t\t\t<div class=\"elementor-background-overlay\"><\/div>\n\t\t\t\t\t\t\t<div class=\"elementor-container elementor-column-gap-default\">\n\t\t\t\t\t<div class=\"elementor-column elementor-col-50 elementor-top-column elementor-element elementor-element-9eb7426 elementor-hidden-phone\" data-id=\"9eb7426\" data-element_type=\"column\">\n\t\t\t<div class=\"elementor-widget-wrap elementor-element-populated\">\n\t\t\t\t\t\t<div class=\"elementor-element elementor-element-3098565 elementor-widget elementor-widget-image\" data-id=\"3098565\" data-element_type=\"widget\" data-widget_type=\"image.default\">\n\t\t\t\t<div class=\"elementor-widget-container\">\n\t\t\t\t\t\t\t\t\t\t\t\t\t\t\t<img decoding=\"async\" width=\"1333\" height=\"2000\" src=\"https:\/\/myclinic.com.mx\/aesthetic\/wp-content\/uploads\/2024\/08\/Botox-muscular-para-el-bruxismo.webp\" class=\"attachment-full size-full wp-image-450\" alt=\"\" srcset=\"https:\/\/myclinic.com.mx\/aesthetic\/wp-content\/uploads\/2024\/08\/Botox-muscular-para-el-bruxismo.webp 1333w, https:\/\/myclinic.com.mx\/aesthetic\/wp-content\/uploads\/2024\/08\/Botox-muscular-para-el-bruxismo-200x300.webp 200w, https:\/\/myclinic.com.mx\/aesthetic\/wp-content\/uploads\/2024\/08\/Botox-muscular-para-el-bruxismo-682x1024.webp 682w, https:\/\/myclinic.com.mx\/aesthetic\/wp-content\/uploads\/2024\/08\/Botox-muscular-para-el-bruxismo-768x1152.webp 768w, https:\/\/myclinic.com.mx\/aesthetic\/wp-content\/uploads\/2024\/08\/Botox-muscular-para-el-bruxismo-1024x1536.webp 1024w\" sizes=\"(max-width: 1333px) 100vw, 1333px\" \/>\t\t\t\t\t\t\t\t\t\t\t\t\t\t\t<\/div>\n\t\t\t\t<\/div>\n\t\t\t\t\t<\/div>\n\t\t<\/div>\n\t\t\t\t<div class=\"elementor-column elementor-col-50 elementor-top-column elementor-element elementor-element-a316501\" data-id=\"a316501\" data-element_type=\"column\">\n\t\t\t<div class=\"elementor-widget-wrap elementor-element-populated\">\n\t\t\t\t\t\t<div class=\"elementor-element elementor-element-0160f1f elementor-widget elementor-widget-text-editor\" data-id=\"0160f1f\" data-element_type=\"widget\" data-widget_type=\"text-editor.default\">\n\t\t\t\t<div class=\"elementor-widget-container\">\n\t\t\t\t\t\t\t\t\t<h3>&#8211; B\u00f3tox para corregir la sonrisa gingival<\/h3><p>Su inyecci\u00f3n en puntos estrat\u00e9gicos, ayudan a que el paciente no muestre las enc\u00edas con la sonrisa, al producir un descenso del labio superior. Este tratamiento esta contraindicado en pacientes con un labio superior elongado.<\/p><h3>&#8211; B\u00f3tox muscular en labios<\/h3><p>En los labios se aplica de manera preferente \u00e1cido hialur\u00f3nico para aumentar su volumen o perfilarlos.<\/p><p>En algunos casos est\u00e1 indicado el tratamiento con relajante muscular, para ayudar a corregir el c\u00f3digo de barras y frenar su progresi\u00f3n. Este tratamiento se hace de manera conjunta con inyecciones de acido hialur\u00f3nico para un mejor resultado.<\/p><h3>&#8211; B\u00f3tox muscular para el bruxismo<\/h3><p>La aplicaci\u00f3n del relajante muscular en los m\u00fasculos masticadores ha demostrado ser una excelente herramienta para combatir las alteraciones del bruxismo. Act\u00faa relajando los m\u00fasculos masticadores afectados, sin producir los indeseables efectos secundarios de los relajantes musculares sist\u00e9micos (somnolencia, relajaci\u00f3n de musculatura no afectada, disminuci\u00f3n de reflejos, etc.).<\/p>\t\t\t\t\t\t\t\t<\/div>\n\t\t\t\t<\/div>\n\t\t\t\t<div class=\"elementor-element elementor-element-262091e elementor-widget elementor-widget-button\" data-id=\"262091e\" data-element_type=\"widget\" data-widget_type=\"button.default\">\n\t\t\t\t<div class=\"elementor-widget-container\">\n\t\t\t\t\t\t\t\t\t<div class=\"elementor-button-wrapper\">\n\t\t\t\t\t<a class=\"elementor-button elementor-button-link elementor-size-sm\" href=\"https:\/\/myclinic.com.mx\/aesthetic\/contacto\">\n\t\t\t\t\t\t<span class=\"elementor-button-content-wrapper\">\n\t\t\t\t\t\t<span class=\"elementor-button-icon\">\n\t\t\t\t<i aria-hidden=\"true\" class=\"jki jki-envelope-light\"><\/i>\t\t\t<\/span>\n\t\t\t\t\t\t\t\t\t<span class=\"elementor-button-text\">CONTACTAR<\/span>\n\t\t\t\t\t<\/span>\n\t\t\t\t\t<\/a>\n\t\t\t\t<\/div>\n\t\t\t\t\t\t\t\t<\/div>\n\t\t\t\t<\/div>\n\t\t\t\t\t<\/div>\n\t\t<\/div>\n\t\t\t\t\t<\/div>\n\t\t<\/section>\n\t\t\t\t<\/div>\n\t\t","protected":false},"excerpt":{"rendered":"<p>Reservar una cita Env\u00edanos tus datos para ponernos en contacto. Contactar My Clinic Aesthetic Lifting facial sin cirugia El Lifting facial sin cirug\u00eda es posible con la actual tecnolog\u00eda y tratameintos. Ya no es necesario pasar por el quir\u00f3fano para algunos tratamientos est\u00e9ticos. El lifting facial sin cirug\u00eda, tambi\u00e9n conocido como lifting facial no quir\u00fargico, [&hellip;]<\/p>\n","protected":false},"author":1,"featured_media":0,"parent":0,"menu_order":0,"comment_status":"closed","ping_status":"closed","template":"elementor_header_footer","meta":{"footnotes":""},"class_list":["post-417","page","type-page","status-publish","hentry"],"_links":{"self":[{"href":"https:\/\/myclinic.com.mx\/aesthetic\/wp-json\/wp\/v2\/pages\/417","targetHints":{"allow":["GET"]}}],"collection":[{"href":"https:\/\/myclinic.com.mx\/aesthetic\/wp-json\/wp\/v2\/pages"}],"about":[{"href":"https:\/\/myclinic.com.mx\/aesthetic\/wp-json\/wp\/v2\/types\/page"}],"author":[{"embeddable":true,"href":"https:\/\/myclinic.com.mx\/aesthetic\/wp-json\/wp\/v2\/users\/1"}],"replies":[{"embeddable":true,"href":"https:\/\/myclinic.com.mx\/aesthetic\/wp-json\/wp\/v2\/comments?post=417"}],"version-history":[{"count":31,"href":"https:\/\/myclinic.com.mx\/aesthetic\/wp-json\/wp\/v2\/pages\/417\/revisions"}],"predecessor-version":[{"id":453,"href":"https:\/\/myclinic.com.mx\/aesthetic\/wp-json\/wp\/v2\/pages\/417\/revisions\/453"}],"wp:attachment":[{"href":"https:\/\/myclinic.com.mx\/aesthetic\/wp-json\/wp\/v2\/media?parent=417"}],"curies":[{"name":"wp","href":"https:\/\/api.w.org\/{rel}","templated":true}]}}